{"id":177,"date":"2014-08-16T23:10:20","date_gmt":"2014-08-16T21:10:20","guid":{"rendered":"http:\/\/jvelektronika.cz\/?page_id=177"},"modified":"2014-08-16T23:10:20","modified_gmt":"2014-08-16T21:10:20","slug":"foto-a-dalsi-info","status":"publish","type":"page","link":"https:\/\/jvelektronika.cz\/?page_id=177","title":{"rendered":"Foto a dal\u0161\u00ed info"},"content":{"rendered":"<div>\n<h1>Foto a dal\u0161\u00ed info<\/h1>\n<\/div>\n<div>\n<div><ins>09.12.2012 08:54<\/ins><\/p>\n<h1>Foto a dal\u0161\u00ed info<\/h1>\n<p>&nbsp;<\/p>\n<h3>R\u016eZN\u00c9 HRY PODPOROVAN\u00c9 TABLETEM, KTER\u00c9 JSEM OTESTOVAL<\/h3>\n<p>1.\u00a0 ARALAON HD &#8211; Pln\u011b funk\u010dn\u00ed na maxim\u00e1ln\u00ed detajly<\/p>\n<p>2.\u00a0 GTA Vice City &#8211; Pln\u011b funk\u010dn\u00ed na maxim\u00e1ln\u00ed detajly<\/p>\n<p>3. Modern combat 4 Zero Hour\u00a0 OD GAMELOFT &#8211;\u00a0 Hra pln\u011b funk\u010dn\u00ed ( viz foto )<\/p>\n<p>&nbsp;<\/p>\n<p><img decoding=\"async\" loading=\"lazy\" alt=\"\" src=\"http:\/\/files.jvelektronika.webnode.cz\/200001216-cb586cc525\/DSC_0181.jpg\" width=\"257\" height=\"193\" \/><img decoding=\"async\" loading=\"lazy\" alt=\"\" src=\"http:\/\/files.jvelektronika.webnode.cz\/200001218-ad100ae09d\/DSC_0187.jpg\" width=\"262\" height=\"197\" \/><\/p>\n<p>&nbsp;<\/p>\n<p>4. X &#8211; runner &#8211; Hra zdarma &#8211; PLN\u011a FUNK\u010cN\u00cd!!! ( Na z\u00e1klad\u011b koment\u00e1\u0159e na YouTube otestov\u00e1no )<\/p>\n<p>5. DEAD TRIGGER &#8211; Od MADFINGER Games. Hra pln\u011b funk\u010dn\u00ed. viz. foto. ( cca. 150Mb )<\/p>\n<p><img decoding=\"async\" alt=\"\" src=\"http:\/\/files.jvelektronika.webnode.cz\/200001241-0f75e106fc\/d1.jpg\" \/><img decoding=\"async\" alt=\"\" src=\"http:\/\/files.jvelektronika.webnode.cz\/200001242-952949623d\/d2.jpg\" \/><\/p>\n<p>&nbsp;<\/p>\n<p>6. Minecraft &#8211; Pln\u011b funk\u010dn\u00ed na pln\u00e9 detajly<\/p>\n<p>7. FL-Studio &#8211; Pln\u011b funk\u010dn\u00ed ( APLIKACE )<\/p>\n<h3>R\u016eZN\u00c9 HRY NEPODPOROVAN\u00c9 TABLETEM, KTER\u00c9 JSEM OTESTOVAL<\/h3>\n<p>1.\u00a0 N.O.V.A 3 &#8211; GAMELOFT &#8211; Za\u0159\u00edzen\u00ed nen\u00ed podporov\u00e1no, hru tud\u00ed\u017e nespust\u00edte.<\/p>\n<p>2. Rayman &#8211; Hra spadne, nelze spustit.<\/p>\n<p>&nbsp;<\/p>\n<p>( Brzy dal\u0161\u00ed info. Aktualizace seznamu 22. 4. 2013 )<\/p>\n<p>&nbsp;<\/p>\n<h1>GTA Vice City &#8211; OTESTOV\u00c1NO VERZE 1.01<\/h1>\n<p>&nbsp;<\/p>\n<p>Hra je pln\u011b funk\u010dn\u00ed a to na maxim\u00e1ln\u00edch detajlech..<\/p>\n<p>FOTO<\/p>\n<p>&nbsp;<\/p>\n<p><img decoding=\"async\" loading=\"lazy\" alt=\"\" src=\"http:\/\/files.jvelektronika.webnode.cz\/200001005-85b1086aac\/DSC_0036.jpg\" width=\"448\" height=\"336\" \/><\/p>\n<p><img decoding=\"async\" loading=\"lazy\" alt=\"\" src=\"http:\/\/files.jvelektronika.webnode.cz\/200001004-83bfd84b9b\/DSC_0034.jpg\" width=\"448\" height=\"336\" \/><img decoding=\"async\" loading=\"lazy\" alt=\"\" src=\"http:\/\/files.jvelektronika.webnode.cz\/200001006-51b5d52b05\/ddd.jpg\" width=\"448\" height=\"336\" \/><\/p>\n<p>&nbsp;<\/p>\n<p>&nbsp;<\/p>\n<h1>FLASH HRY<\/h1>\n<p>V\u0161echny hry byli testovan\u00e9 v z\u00e1kladn\u00edm prohl\u00ed\u017ee\u010di&#8230; Aplikace t\u0159et\u00edch stran ( FlashPlayer 11\u00a0 byl doinstalov\u00e1n programem od v\u00fdrobce ).<\/p>\n<p>DARKORBIT<\/p>\n<p>Bohu\u017eel po nahr\u00e1n\u00ed z\u016fstane pouze \u010dern\u00e9 okno.<\/p>\n<p><img decoding=\"async\" loading=\"lazy\" alt=\"\" src=\"http:\/\/files.jvelektronika.webnode.cz\/200000932-b8d9cb9d43\/DSC_0075.jpg\" width=\"448\" height=\"336\" \/><img decoding=\"async\" loading=\"lazy\" alt=\"\" src=\"http:\/\/files.jvelektronika.webnode.cz\/200000933-572d658274\/DSC_0076.jpg\" width=\"448\" height=\"336\" \/><img decoding=\"async\" loading=\"lazy\" alt=\"\" src=\"http:\/\/files.jvelektronika.webnode.cz\/200000934-ef83bf07da\/DSC_0077.jpg\" width=\"448\" height=\"336\" \/><\/p>\n<p>&nbsp;<\/p>\n<p>Dal\u0161\u00ed hry<\/p>\n<p>www.flashhry.cz<\/p>\n<p>&nbsp;<\/p>\n<p>Ob\u011b testovan\u00e9 hry fungovali se zvukem a bez sek\u00e1n\u00ed&#8230;..<\/p>\n<p>HRA: 1<\/p>\n<p><img decoding=\"async\" loading=\"lazy\" alt=\"\" src=\"http:\/\/files.jvelektronika.webnode.cz\/200000935-87fed88f89\/DSC_0078.jpg\" width=\"448\" height=\"336\" \/><img decoding=\"async\" loading=\"lazy\" alt=\"\" src=\"http:\/\/files.jvelektronika.webnode.cz\/200000936-16bad17b49\/DSC_0079.jpg\" width=\"448\" height=\"336\" \/><img decoding=\"async\" loading=\"lazy\" alt=\"\" src=\"http:\/\/files.jvelektronika.webnode.cz\/200000937-b4ea8b5e46\/DSC_0080.jpg\" width=\"448\" height=\"336\" \/><img decoding=\"async\" loading=\"lazy\" alt=\"\" src=\"http:\/\/files.jvelektronika.webnode.cz\/200000938-47862487f4\/DSC_0081.jpg\" width=\"448\" height=\"336\" \/><img decoding=\"async\" loading=\"lazy\" alt=\"\" src=\"http:\/\/files.jvelektronika.webnode.cz\/200000939-d1367d230e\/DSC_0082.jpg\" width=\"448\" height=\"336\" \/><img decoding=\"async\" loading=\"lazy\" alt=\"\" src=\"http:\/\/files.jvelektronika.webnode.cz\/200000940-708c771863\/DSC_0083.jpg\" width=\"448\" height=\"336\" \/><\/p>\n<p>&nbsp;<\/p>\n<p>HRA: 2<\/p>\n<p>&nbsp;<\/p>\n<p><img decoding=\"async\" loading=\"lazy\" alt=\"\" src=\"http:\/\/files.jvelektronika.webnode.cz\/200000941-10d1611cb2\/DSC_0085.jpg\" width=\"448\" height=\"336\" \/><img decoding=\"async\" loading=\"lazy\" alt=\"\" src=\"http:\/\/files.jvelektronika.webnode.cz\/200000942-9793f988db\/DSC_0086.jpg\" width=\"448\" height=\"336\" \/><img decoding=\"async\" loading=\"lazy\" alt=\"\" src=\"http:\/\/files.jvelektronika.webnode.cz\/200000943-2e1f92f1a0\/DSC_0087.jpg\" width=\"448\" height=\"336\" \/><img decoding=\"async\" loading=\"lazy\" alt=\"\" src=\"http:\/\/files.jvelektronika.webnode.cz\/200000944-ac183ad129\/DSC_0088.jpg\" width=\"448\" height=\"336\" \/><img decoding=\"async\" loading=\"lazy\" alt=\"\" src=\"http:\/\/files.jvelektronika.webnode.cz\/200000945-4c5dd4d571\/DSC_0089.jpg\" width=\"448\" height=\"336\" \/><\/p>\n<p>&nbsp;<\/p>\n<p>15. 12. 2012<\/p>\n<h1><\/h1>\n<h1>Aktualizace<\/h1>\n<p>&nbsp;<\/p>\n<p>dNE 15. 12. 2012\u00a0 Jsem aktualizoval dal\u0161\u00ed update. V\u00fdrobce uvolnil dal\u0161\u00ed aktualizaci, kter\u00e1 vylep\u0161uje stabilitu..<\/p>\n<h3><\/h3>\n<h3>Dal\u0161\u00ed aktualizace tohoto tabletu &#8211; FOTO<\/h3>\n<p>Pr\u00e1v\u011b jsem aktualizoval, bohu\u017eel ztrat\u00edte v\u0161echny nainstalovan\u00e9 programy, tak \u017ee v\u0161e mus\u00edm instalovat znova&#8230;<\/p>\n<p>&nbsp;<\/p>\n<p><img decoding=\"async\" loading=\"lazy\" alt=\"\" src=\"http:\/\/files.jvelektronika.webnode.cz\/200000930-b517ab611a\/DSC_0033.jpg\" width=\"640\" height=\"480\" \/><img decoding=\"async\" loading=\"lazy\" alt=\"\" src=\"http:\/\/files.jvelektronika.webnode.cz\/200000931-c4b38c5ad9\/DSC_0038.jpg\" width=\"640\" height=\"480\" \/><\/p>\n<p>&nbsp;<\/p>\n<p>9. 12. 2012\u00a0\u00a0 DNES AKTUALIZOV\u00c1NO<\/p>\n<p>&nbsp;<\/p>\n<p>&nbsp;<\/p>\n<h3>NOV\u00c9 ZM\u011aNY<\/h3>\n<p>&nbsp;<\/p>\n<p>Jedna ze zm\u011bn je m\u00edrn\u00e1 grafick\u00e1 \u00faprava kl\u00e1vesnice a nov\u00e9 aplikace a zm\u011bna ur\u010dit\u00fdch ikon&#8230;<\/p>\n<\/div>\n<\/div>\n<p>&nbsp;<\/p>\n","protected":false},"excerpt":{"rendered":"<p>Foto a dal\u0161\u00ed info 09.12.2012 08:54 Foto a dal\u0161\u00ed info &nbsp; R\u016eZN\u00c9 HRY PODPOROVAN\u00c9 TABLETEM, KTER\u00c9 JSEM OTESTOVAL 1.\u00a0 ARALAON HD &#8211; Pln\u011b funk\u010dn\u00ed na maxim\u00e1ln\u00ed detajly 2.\u00a0 GTA Vice City &#8211; Pln\u011b funk\u010dn\u00ed na maxim\u00e1ln\u00ed detajly 3. Modern combat 4 Zero Hour\u00a0 OD GAMELOFT &#8211;\u00a0 Hra pln\u011b funk\u010dn\u00ed ( [&hellip;]<\/p>\n","protected":false},"author":1,"featured_media":0,"parent":171,"menu_order":0,"comment_status":"closed","ping_status":"open","template":"","meta":{"footnotes":""},"_links":{"self":[{"href":"https:\/\/jvelektronika.cz\/index.php?rest_route=\/wp\/v2\/pages\/177"}],"collection":[{"href":"https:\/\/jvelektronika.cz\/index.php?rest_route=\/wp\/v2\/pages"}],"about":[{"href":"https:\/\/jvelektronika.cz\/index.php?rest_route=\/wp\/v2\/types\/page"}],"author":[{"embeddable":true,"href":"https:\/\/jvelektronika.cz\/index.php?rest_route=\/wp\/v2\/users\/1"}],"replies":[{"embeddable":true,"href":"https:\/\/jvelektronika.cz\/index.php?rest_route=%2Fwp%2Fv2%2Fcomments&post=177"}],"version-history":[{"count":1,"href":"https:\/\/jvelektronika.cz\/index.php?rest_route=\/wp\/v2\/pages\/177\/revisions"}],"predecessor-version":[{"id":178,"href":"https:\/\/jvelektronika.cz\/index.php?rest_route=\/wp\/v2\/pages\/177\/revisions\/178"}],"up":[{"embeddable":true,"href":"https:\/\/jvelektronika.cz\/index.php?rest_route=\/wp\/v2\/pages\/171"}],"wp:attachment":[{"href":"https:\/\/jvelektronika.cz\/index.php?rest_route=%2Fwp%2Fv2%2Fmedia&parent=177"}],"curies":[{"name":"wp","href":"https:\/\/api.w.org\/{rel}","templated":true}]}}