{"id":175,"date":"2014-08-16T23:08:38","date_gmt":"2014-08-16T21:08:38","guid":{"rendered":"http:\/\/jvelektronika.cz\/?page_id=175"},"modified":"2014-08-16T23:08:38","modified_gmt":"2014-08-16T21:08:38","slug":"videorecenze-1","status":"publish","type":"page","link":"https:\/\/jvelektronika.cz\/?page_id=175","title":{"rendered":"Videorecenze 1"},"content":{"rendered":"<div>\n<h1>Recenze<\/h1>\n<\/div>\n<div>\n<div><ins>20.11.2012 14:48<\/ins><\/p>\n<h1>Prestigio Multipad PMP5880D<\/h1>\n<h1>VIDEORECENZE<\/h1>\n<p>&nbsp;<\/p>\n<h3><span style=\"text-decoration: underline;\"><strong>RECENZE<\/strong><\/span><\/h3>\n<h3><span style=\"text-decoration: underline;\"><strong>VIDEORECENZE<\/strong><\/span><\/h3>\n<p>&nbsp;<\/p>\n<p><strong>Na konci str\u00e1nky je vlo\u017eena videorecenze&#8230;<\/strong><\/p>\n<p>Kvalita vide je FullHD ( 1080p ) av\u0161ak p\u0159i zhor\u0161en\u00fdch sv\u011bteln\u00fd podm\u00ednk\u00e1ch, ale i tak je kvalita velmi dobr\u00e1.<\/p>\n<p>Viderecenze byla nato\u010dena telefonem Sony Xperia T ( LT30p )<\/p>\n<p>&nbsp;<\/p>\n<p><strong>VIDEORECENZE JE JI\u017d NAHRAN\u00c1, TRV\u00c1 CCA. 30 MINUT. OMLUV\u00c1M SE ZA R\u016eZN\u00c9 P\u0158E\u0158EKY, P\u0158ECI JEN JE TO M\u00c1 PRVN\u00cd VIDEORECENZE.<\/strong><\/p>\n<p>&nbsp;<\/p>\n<p>R\u016fzn\u00e9 hry funguj\u00ed na max. detajly v HD rozli\u0161en\u00ed. Videorecenze\u00a0 je s ji\u017e aktualizovan\u00fdm syst\u00e9mem na Android 4.1.1<\/p>\n<p>P\u0159ipom\u00edn\u00e1m, \u017ee tablet m\u00e1 \u010dty\u0159j\u00e1drov\u00fd grafick\u00fd \u010dip MALI 400&#8230;.<\/p>\n<p>&nbsp;<\/p>\n<p>( Posledn\u00ed aktualizace 1.12. 2012 )<\/p>\n<\/div>\n<\/div>\n<p>&nbsp;<\/p>\n<div class=\"epyt-video-wrapper\"><iframe loading=\"lazy\"  style=\"display: block; margin: 0px auto;\"  id=\"_ytid_38046\"  width=\"640\" height=\"360\"  data-origwidth=\"640\" data-origheight=\"360\" src=\"https:\/\/www.youtube.com\/embed\/Sb4ARh-XOD8?enablejsapi=1&#038;autoplay=0&#038;cc_load_policy=0&#038;cc_lang_pref=&#038;iv_load_policy=1&#038;loop=0&#038;modestbranding=0&#038;rel=1&#038;fs=1&#038;playsinline=1&#038;autohide=2&#038;theme=dark&#038;color=red&#038;controls=1&#038;\" class=\"__youtube_prefs__  epyt-is-override  no-lazyload\" title=\"YouTube player\"  allow=\"accelerometer; autoplay; clipboard-write; encrypted-media; gyroscope; picture-in-picture\" allowfullscreen data-no-lazy=\"1\" data-skipgform_ajax_framebjll=\"\"><\/iframe><\/div>\n","protected":false},"excerpt":{"rendered":"<p>Recenze 20.11.2012 14:48 Prestigio Multipad PMP5880D VIDEORECENZE &nbsp; RECENZE VIDEORECENZE &nbsp; Na konci str\u00e1nky je vlo\u017eena videorecenze&#8230; Kvalita vide je FullHD ( 1080p ) av\u0161ak p\u0159i zhor\u0161en\u00fdch sv\u011bteln\u00fd podm\u00ednk\u00e1ch, ale i tak je kvalita velmi dobr\u00e1. Viderecenze byla nato\u010dena telefonem Sony Xperia T ( LT30p ) &nbsp; VIDEORECENZE JE JI\u017d [&hellip;]<\/p>\n","protected":false},"author":1,"featured_media":0,"parent":171,"menu_order":0,"comment_status":"closed","ping_status":"open","template":"","meta":{"footnotes":""},"_links":{"self":[{"href":"https:\/\/jvelektronika.cz\/index.php?rest_route=\/wp\/v2\/pages\/175"}],"collection":[{"href":"https:\/\/jvelektronika.cz\/index.php?rest_route=\/wp\/v2\/pages"}],"about":[{"href":"https:\/\/jvelektronika.cz\/index.php?rest_route=\/wp\/v2\/types\/page"}],"author":[{"embeddable":true,"href":"https:\/\/jvelektronika.cz\/index.php?rest_route=\/wp\/v2\/users\/1"}],"replies":[{"embeddable":true,"href":"https:\/\/jvelektronika.cz\/index.php?rest_route=%2Fwp%2Fv2%2Fcomments&post=175"}],"version-history":[{"count":1,"href":"https:\/\/jvelektronika.cz\/index.php?rest_route=\/wp\/v2\/pages\/175\/revisions"}],"predecessor-version":[{"id":176,"href":"https:\/\/jvelektronika.cz\/index.php?rest_route=\/wp\/v2\/pages\/175\/revisions\/176"}],"up":[{"embeddable":true,"href":"https:\/\/jvelektronika.cz\/index.php?rest_route=\/wp\/v2\/pages\/171"}],"wp:attachment":[{"href":"https:\/\/jvelektronika.cz\/index.php?rest_route=%2Fwp%2Fv2%2Fmedia&parent=175"}],"curies":[{"name":"wp","href":"https:\/\/api.w.org\/{rel}","templated":true}]}}