{"id":1748,"date":"2018-04-28T18:03:56","date_gmt":"2018-04-28T16:03:56","guid":{"rendered":"http:\/\/jvelektronika.cz\/?page_id=1748"},"modified":"2018-04-28T18:05:45","modified_gmt":"2018-04-28T16:05:45","slug":"xperia-xz1-videopohled-1","status":"publish","type":"page","link":"https:\/\/jvelektronika.cz\/?page_id=1748","title":{"rendered":"Xperia XZ1 &#8211; VIDEOPOHLED 1"},"content":{"rendered":"<h3><span style=\"color: #cc99ff;\">PRVN\u00cd VIDEPOHLED NA XPERII XZ1<\/span><\/h3>\n<p>&nbsp;<\/p>\n<p>Z\u00c1KLADN\u00cd P\u0158EDSTAVEN\u00cd A INFORMACE&#8230;<\/p>\n<p>&nbsp;<\/p>\n<figure class=\"wp-block-embed wp-block-embed-youtube is-type-video is-provider-youtube epyt-figure\"><div class=\"wp-block-embed__wrapper\"><div class=\"epyt-video-wrapper\"><iframe  style=\"display: block; margin: 0px auto;\"  id=\"_ytid_11433\"  width=\"640\" height=\"360\"  data-origwidth=\"640\" data-origheight=\"360\" src=\"https:\/\/www.youtube.com\/embed\/RUp1WNz7GEw?enablejsapi=1&autoplay=0&cc_load_policy=0&cc_lang_pref=&iv_load_policy=1&loop=0&modestbranding=0&rel=1&fs=1&playsinline=1&autohide=2&theme=dark&color=red&controls=1&\" class=\"__youtube_prefs__  no-lazyload\" title=\"YouTube player\"  allow=\"accelerometer; autoplay; clipboard-write; encrypted-media; gyroscope; picture-in-picture\" allowfullscreen data-no-lazy=\"1\" data-skipgform_ajax_framebjll=\"\"><\/iframe><\/div><\/div><\/figure>\n","protected":false},"excerpt":{"rendered":"<p>PRVN\u00cd VIDEPOHLED NA XPERII XZ1 &nbsp; Z\u00c1KLADN\u00cd P\u0158EDSTAVEN\u00cd A INFORMACE&#8230; &nbsp;<\/p>\n","protected":false},"author":1,"featured_media":0,"parent":1710,"menu_order":0,"comment_status":"closed","ping_status":"closed","template":"","meta":{"footnotes":""},"_links":{"self":[{"href":"https:\/\/jvelektronika.cz\/index.php?rest_route=\/wp\/v2\/pages\/1748"}],"collection":[{"href":"https:\/\/jvelektronika.cz\/index.php?rest_route=\/wp\/v2\/pages"}],"about":[{"href":"https:\/\/jvelektronika.cz\/index.php?rest_route=\/wp\/v2\/types\/page"}],"author":[{"embeddable":true,"href":"https:\/\/jvelektronika.cz\/index.php?rest_route=\/wp\/v2\/users\/1"}],"replies":[{"embeddable":true,"href":"https:\/\/jvelektronika.cz\/index.php?rest_route=%2Fwp%2Fv2%2Fcomments&post=1748"}],"version-history":[{"count":2,"href":"https:\/\/jvelektronika.cz\/index.php?rest_route=\/wp\/v2\/pages\/1748\/revisions"}],"predecessor-version":[{"id":1751,"href":"https:\/\/jvelektronika.cz\/index.php?rest_route=\/wp\/v2\/pages\/1748\/revisions\/1751"}],"up":[{"embeddable":true,"href":"https:\/\/jvelektronika.cz\/index.php?rest_route=\/wp\/v2\/pages\/1710"}],"wp:attachment":[{"href":"https:\/\/jvelektronika.cz\/index.php?rest_route=%2Fwp%2Fv2%2Fmedia&parent=1748"}],"curies":[{"name":"wp","href":"https:\/\/api.w.org\/{rel}","templated":true}]}}