{"id":167,"date":"2014-08-16T23:01:34","date_gmt":"2014-08-16T21:01:34","guid":{"rendered":"http:\/\/jvelektronika.cz\/?page_id=167"},"modified":"2014-08-16T23:01:34","modified_gmt":"2014-08-16T21:01:34","slug":"zajimave-a-uzitecne-informace","status":"publish","type":"page","link":"https:\/\/jvelektronika.cz\/?page_id=167","title":{"rendered":"Zaj\u00edmav\u00e9 a u\u017eite\u010dn\u00e9 informace"},"content":{"rendered":"<div>\n<h1>Zaj\u00edmav\u00e9 a u\u017eite\u010dn\u00e9 informace<\/h1>\n<\/div>\n<div>\n<div><ins>07.11.2013 09:32<\/ins><\/p>\n<h1>Zaj\u00edmav\u00e9 a u\u017eite\u010dn\u00e9 informace<\/h1>\n<h3>Prestigio Multipad PMP7280C DUO<\/h3>\n<p>&nbsp;<\/p>\n<p>Jak jist\u011b v\u0161ichni v\u00edte, tak je v balen\u00ed ko\u017een\u00e9 pouzdro s dobrou vychyt\u00e1vkou. Poku\u010f toti\u017e m\u00e1te tablet uzam\u010den\u00fd a vytahujeteho z pouzdra, tak se tablet rozsv\u00edt\u00ed a pak u\u017e sta\u010d\u00ed p\u0159ejet prstem po obrazovce bez nutnosti pa\u010dkat tla\u010d\u00edtko z\u00e1mku a tablet m\u00e1te odem\u010den\u00fd.<\/p>\n<p>Podobn\u011b to funguje ikdy\u017e tablet zasouv\u00e1te do pouzdra, tak se automaticky uzamkne.<\/p>\n<p>&nbsp;<\/p>\n<p>&nbsp;<\/p>\n<p>Co m\u011b zklamalo, je podpora her, kter\u00e9 na tabletu HP Slate 7 fungovaly jako t\u0159eba\u00a0 Modern Combat 4 a N.O.V.A 3, tak ty zde nefunguj\u00ed.<\/p>\n<\/div>\n<\/div>\n<p>&nbsp;<\/p>\n","protected":false},"excerpt":{"rendered":"<p>Zaj\u00edmav\u00e9 a u\u017eite\u010dn\u00e9 informace 07.11.2013 09:32 Zaj\u00edmav\u00e9 a u\u017eite\u010dn\u00e9 informace Prestigio Multipad PMP7280C DUO &nbsp; Jak jist\u011b v\u0161ichni v\u00edte, tak je v balen\u00ed ko\u017een\u00e9 pouzdro s dobrou vychyt\u00e1vkou. Poku\u010f toti\u017e m\u00e1te tablet uzam\u010den\u00fd a vytahujeteho z pouzdra, tak se tablet rozsv\u00edt\u00ed a pak u\u017e sta\u010d\u00ed p\u0159ejet prstem po obrazovce bez [&hellip;]<\/p>\n","protected":false},"author":1,"featured_media":0,"parent":161,"menu_order":0,"comment_status":"closed","ping_status":"open","template":"","meta":{"footnotes":""},"_links":{"self":[{"href":"https:\/\/jvelektronika.cz\/index.php?rest_route=\/wp\/v2\/pages\/167"}],"collection":[{"href":"https:\/\/jvelektronika.cz\/index.php?rest_route=\/wp\/v2\/pages"}],"about":[{"href":"https:\/\/jvelektronika.cz\/index.php?rest_route=\/wp\/v2\/types\/page"}],"author":[{"embeddable":true,"href":"https:\/\/jvelektronika.cz\/index.php?rest_route=\/wp\/v2\/users\/1"}],"replies":[{"embeddable":true,"href":"https:\/\/jvelektronika.cz\/index.php?rest_route=%2Fwp%2Fv2%2Fcomments&post=167"}],"version-history":[{"count":1,"href":"https:\/\/jvelektronika.cz\/index.php?rest_route=\/wp\/v2\/pages\/167\/revisions"}],"predecessor-version":[{"id":168,"href":"https:\/\/jvelektronika.cz\/index.php?rest_route=\/wp\/v2\/pages\/167\/revisions\/168"}],"up":[{"embeddable":true,"href":"https:\/\/jvelektronika.cz\/index.php?rest_route=\/wp\/v2\/pages\/161"}],"wp:attachment":[{"href":"https:\/\/jvelektronika.cz\/index.php?rest_route=%2Fwp%2Fv2%2Fmedia&parent=167"}],"curies":[{"name":"wp","href":"https:\/\/api.w.org\/{rel}","templated":true}]}}