{"id":165,"date":"2014-08-16T23:00:37","date_gmt":"2014-08-16T21:00:37","guid":{"rendered":"http:\/\/jvelektronika.cz\/?page_id=165"},"modified":"2014-08-16T23:00:37","modified_gmt":"2014-08-16T21:00:37","slug":"podporovane-hry","status":"publish","type":"page","link":"https:\/\/jvelektronika.cz\/?page_id=165","title":{"rendered":"Podporovan\u00e9 hry"},"content":{"rendered":"<div>\n<h1>Podprovoan\u00e9 hry<\/h1>\n<\/div>\n<div>\n<div><ins>06.11.2013 06:54<\/ins><\/p>\n<h3>FUNGUJ\u00cdC\u00cd a NEKOMPATIBILN\u00cd HRY<\/h3>\n<p>&nbsp;<\/p>\n<p><em><strong>Tablet disponuje dvouj\u00e1drov\u00fdm procesorem 1,6GHz a grafikou Quad Core MALI-400 a skv\u011ble odlad\u011bn\u00fdm syst\u00e9mem Android 4.1.1<\/strong><\/em><\/p>\n<p>&nbsp;<\/p>\n<p>GTA Vice City\u00a0 &#8211;\u00a0 funguje na pln\u00e9 detajly<\/p>\n<p>Call of Duty Zombies &#8211; hra funguje<\/p>\n<p>Minecraft &#8211; pln\u011b funk\u010dn\u00ed<\/p>\n<p>&nbsp;<\/p>\n<h3>Nepodporovan\u00e9 hry<\/h3>\n<p>&nbsp;<\/p>\n<p>N.O.V.A 3\u00a0 &#8211; VYDAVATEL GAMELOFT &#8211; HRA SPADNE NEN\u00cd PODPOROVAN\u00c1<\/p>\n<p>Modern Combat 4 Zero Hour\u00a0\u00a0 &#8211;\u00a0 vydavatel: Gameloft &#8211; Hra spadne p\u0159i spou\u0161t\u011bn\u00ed, nen\u00ed podporovan\u00e1<\/p>\n<\/div>\n<\/div>\n<p>&nbsp;<\/p>\n","protected":false},"excerpt":{"rendered":"<p>Podprovoan\u00e9 hry 06.11.2013 06:54 FUNGUJ\u00cdC\u00cd a NEKOMPATIBILN\u00cd HRY &nbsp; Tablet disponuje dvouj\u00e1drov\u00fdm procesorem 1,6GHz a grafikou Quad Core MALI-400 a skv\u011ble odlad\u011bn\u00fdm syst\u00e9mem Android 4.1.1 &nbsp; GTA Vice City\u00a0 &#8211;\u00a0 funguje na pln\u00e9 detajly Call of Duty Zombies &#8211; hra funguje Minecraft &#8211; pln\u011b funk\u010dn\u00ed &nbsp; Nepodporovan\u00e9 hry &nbsp; N.O.V.A [&hellip;]<\/p>\n","protected":false},"author":1,"featured_media":0,"parent":161,"menu_order":0,"comment_status":"closed","ping_status":"open","template":"","meta":{"footnotes":""},"_links":{"self":[{"href":"https:\/\/jvelektronika.cz\/index.php?rest_route=\/wp\/v2\/pages\/165"}],"collection":[{"href":"https:\/\/jvelektronika.cz\/index.php?rest_route=\/wp\/v2\/pages"}],"about":[{"href":"https:\/\/jvelektronika.cz\/index.php?rest_route=\/wp\/v2\/types\/page"}],"author":[{"embeddable":true,"href":"https:\/\/jvelektronika.cz\/index.php?rest_route=\/wp\/v2\/users\/1"}],"replies":[{"embeddable":true,"href":"https:\/\/jvelektronika.cz\/index.php?rest_route=%2Fwp%2Fv2%2Fcomments&post=165"}],"version-history":[{"count":1,"href":"https:\/\/jvelektronika.cz\/index.php?rest_route=\/wp\/v2\/pages\/165\/revisions"}],"predecessor-version":[{"id":166,"href":"https:\/\/jvelektronika.cz\/index.php?rest_route=\/wp\/v2\/pages\/165\/revisions\/166"}],"up":[{"embeddable":true,"href":"https:\/\/jvelektronika.cz\/index.php?rest_route=\/wp\/v2\/pages\/161"}],"wp:attachment":[{"href":"https:\/\/jvelektronika.cz\/index.php?rest_route=%2Fwp%2Fv2%2Fmedia&parent=165"}],"curies":[{"name":"wp","href":"https:\/\/api.w.org\/{rel}","templated":true}]}}