{"id":163,"date":"2014-08-16T22:59:39","date_gmt":"2014-08-16T20:59:39","guid":{"rendered":"http:\/\/jvelektronika.cz\/?page_id=163"},"modified":"2014-08-16T22:59:39","modified_gmt":"2014-08-16T20:59:39","slug":"prestigio-multipad-pmp7280c-duo-videocerenze-1","status":"publish","type":"page","link":"https:\/\/jvelektronika.cz\/?page_id=163","title":{"rendered":"Prestigio Multipad PMP7280C DUO VIDEOCERENZE 1"},"content":{"rendered":"<div>\n<h1>Prestigio Multipad PMP7280C DUO VIDEOCERENZE 1<\/h1>\n<\/div>\n<div>\n<div><ins>06.11.2013 06:47<\/ins><\/p>\n<h1>Prestigio Multipad PMP7280C DUO<\/h1>\n<p>&nbsp;<\/p>\n<p>Z\u00e1kladn\u00ed popis tabletu, obsah balen\u00ed, zku\u0161ku kvality reproduktoru a dal\u0161\u00ed.<\/p>\n<p>&nbsp;<\/p>\n<div class=\"epyt-video-wrapper\"><iframe loading=\"lazy\"  style=\"display: block; margin: 0px auto;\"  id=\"_ytid_96954\"  width=\"640\" height=\"360\"  data-origwidth=\"640\" data-origheight=\"360\" src=\"https:\/\/www.youtube.com\/embed\/LeU8eRNMPnI?enablejsapi=1&#038;autoplay=0&#038;cc_load_policy=0&#038;cc_lang_pref=&#038;iv_load_policy=1&#038;loop=0&#038;modestbranding=0&#038;rel=1&#038;fs=1&#038;playsinline=1&#038;autohide=2&#038;theme=dark&#038;color=red&#038;controls=1&#038;\" class=\"__youtube_prefs__  epyt-is-override  no-lazyload\" title=\"YouTube player\"  allow=\"accelerometer; autoplay; clipboard-write; encrypted-media; gyroscope; picture-in-picture\" allowfullscreen data-no-lazy=\"1\" data-skipgform_ajax_framebjll=\"\"><\/iframe><\/div>\n<\/div>\n<\/div>\n<p>&nbsp;<\/p>\n","protected":false},"excerpt":{"rendered":"<p>Prestigio Multipad PMP7280C DUO VIDEOCERENZE 1 06.11.2013 06:47 Prestigio Multipad PMP7280C DUO &nbsp; Z\u00e1kladn\u00ed popis tabletu, obsah balen\u00ed, zku\u0161ku kvality reproduktoru a dal\u0161\u00ed. &nbsp; &nbsp;<\/p>\n","protected":false},"author":1,"featured_media":0,"parent":161,"menu_order":0,"comment_status":"closed","ping_status":"open","template":"","meta":{"footnotes":""},"_links":{"self":[{"href":"https:\/\/jvelektronika.cz\/index.php?rest_route=\/wp\/v2\/pages\/163"}],"collection":[{"href":"https:\/\/jvelektronika.cz\/index.php?rest_route=\/wp\/v2\/pages"}],"about":[{"href":"https:\/\/jvelektronika.cz\/index.php?rest_route=\/wp\/v2\/types\/page"}],"author":[{"embeddable":true,"href":"https:\/\/jvelektronika.cz\/index.php?rest_route=\/wp\/v2\/users\/1"}],"replies":[{"embeddable":true,"href":"https:\/\/jvelektronika.cz\/index.php?rest_route=%2Fwp%2Fv2%2Fcomments&post=163"}],"version-history":[{"count":1,"href":"https:\/\/jvelektronika.cz\/index.php?rest_route=\/wp\/v2\/pages\/163\/revisions"}],"predecessor-version":[{"id":164,"href":"https:\/\/jvelektronika.cz\/index.php?rest_route=\/wp\/v2\/pages\/163\/revisions\/164"}],"up":[{"embeddable":true,"href":"https:\/\/jvelektronika.cz\/index.php?rest_route=\/wp\/v2\/pages\/161"}],"wp:attachment":[{"href":"https:\/\/jvelektronika.cz\/index.php?rest_route=%2Fwp%2Fv2%2Fmedia&parent=163"}],"curies":[{"name":"wp","href":"https:\/\/api.w.org\/{rel}","templated":true}]}}