{"id":161,"date":"2014-08-16T22:58:05","date_gmt":"2014-08-16T20:58:05","guid":{"rendered":"http:\/\/jvelektronika.cz\/?page_id=161"},"modified":"2014-08-16T23:04:25","modified_gmt":"2014-08-16T21:04:25","slug":"prestigio-pmp7280c-duo","status":"publish","type":"page","link":"https:\/\/jvelektronika.cz\/?page_id=161","title":{"rendered":"Prestigio PMP7280C DUO"},"content":{"rendered":"<h1><a href=\"http:\/\/jvelektronika.cz\/?page_id=165\" target=\"_blank\">Podporovan\u00e9 hry<\/a><\/h1>\n<p>&nbsp;<\/p>\n<h4><a href=\"http:\/\/jvelektronika.cz\/?page_id=163\" target=\"_blank\">Prestigio Multipad PMP7280C DUO VIDEOCERENZE 1<\/a><\/h4>\n<p>&nbsp;<\/p>\n<h1><a href=\"http:\/\/jvelektronika.cz\/?page_id=167\" target=\"_blank\">Zaj\u00edmav\u00e9 a u\u017eite\u010dn\u00e9 informace<\/a><\/h1>\n","protected":false},"excerpt":{"rendered":"<p>Podporovan\u00e9 hry &nbsp; Prestigio Multipad PMP7280C DUO VIDEOCERENZE 1 &nbsp; Zaj\u00edmav\u00e9 a u\u017eite\u010dn\u00e9 informace<\/p>\n","protected":false},"author":1,"featured_media":0,"parent":45,"menu_order":0,"comment_status":"closed","ping_status":"open","template":"","meta":{"footnotes":""},"_links":{"self":[{"href":"https:\/\/jvelektronika.cz\/index.php?rest_route=\/wp\/v2\/pages\/161"}],"collection":[{"href":"https:\/\/jvelektronika.cz\/index.php?rest_route=\/wp\/v2\/pages"}],"about":[{"href":"https:\/\/jvelektronika.cz\/index.php?rest_route=\/wp\/v2\/types\/page"}],"author":[{"embeddable":true,"href":"https:\/\/jvelektronika.cz\/index.php?rest_route=\/wp\/v2\/users\/1"}],"replies":[{"embeddable":true,"href":"https:\/\/jvelektronika.cz\/index.php?rest_route=%2Fwp%2Fv2%2Fcomments&post=161"}],"version-history":[{"count":3,"href":"https:\/\/jvelektronika.cz\/index.php?rest_route=\/wp\/v2\/pages\/161\/revisions"}],"predecessor-version":[{"id":170,"href":"https:\/\/jvelektronika.cz\/index.php?rest_route=\/wp\/v2\/pages\/161\/revisions\/170"}],"up":[{"embeddable":true,"href":"https:\/\/jvelektronika.cz\/index.php?rest_route=\/wp\/v2\/pages\/45"}],"wp:attachment":[{"href":"https:\/\/jvelektronika.cz\/index.php?rest_route=%2Fwp%2Fv2%2Fmedia&parent=161"}],"curies":[{"name":"wp","href":"https:\/\/api.w.org\/{rel}","templated":true}]}}