{"id":138,"date":"2014-08-16T22:38:39","date_gmt":"2014-08-16T20:38:39","guid":{"rendered":"http:\/\/jvelektronika.cz\/?page_id=138"},"modified":"2015-03-14T09:21:26","modified_gmt":"2015-03-14T08:21:26","slug":"megarecenze-1","status":"publish","type":"page","link":"https:\/\/jvelektronika.cz\/?page_id=138","title":{"rendered":"Megarecenze 1"},"content":{"rendered":"<div>\n<h1>Megarecenze 1<\/h1>\n<\/div>\n<div>\n<div><ins>08.05.2012 14:13<\/ins><\/p>\n<h3>Recenze 1 upravena &#8211; Megarecenze 1<\/h3>\n<h3><\/h3>\n<h3>Prvn\u00ed dojmy, konstrukce<\/h3>\n<p>&nbsp;<\/p>\n<p>Na prvn\u00ed pohled telefon p\u016fsob\u00ed opravdu velice dob\u0159e, nikde nic nevr\u017ee ani nic nevy\u010dn\u00edv\u00e1. Dob\u0159e padne do ruky a dr\u017e\u00ed se perfektn\u011b. Displej je leskl\u00fd a z v\u00fdroby je na n\u011bm nalepena ochrann\u00e1 f\u00f3lie, tak jak by se to v dom\u00e1c\u00edch podm\u00ednkach asi nepovedlo. Prou\u017eek, kter\u00fd lemuje spodek telefonu kolem do kola vypad\u00e1 zaj\u00edmav\u011b a k telefonu v b\u00edl\u00e9m proveden\u00ed se hod\u00ed.<\/p>\n<p>Kryt ze zadu, kter\u00fd ukr\u00fdv\u00e1 pouze slot na mikro sim kartu a baterii, kterou nelze vym\u011bnit dr\u017e\u00ed pevn\u011b. ( Baterii lze vym\u011bnit v servisu a ur\u010dit\u00fdch prodejn\u00e1ch. ).<\/p>\n<p>&nbsp;<\/p>\n<p>Displej m\u00e1 vskutku n\u00e1dhern\u00fd obraz p\u0159i pln\u00e9m jasu. Vysok\u00e9 rozli\u0161en\u00ed displeje je velmi zn\u00e1t. Pod\u00e1n\u00ed barev nem\u00e1 chybu. Displej je vybaven technologi\u00ed SONY MOBILE BRAVIA ENGINE, kter\u00fd tak\u00e9 vylep\u0161\u00ed obraz.<\/p>\n<p>Tla\u010d\u00edtka reaguj\u00edc\u00ed na dotek dle m\u00e9ho n\u00e1zoru funguj\u00ed bezchybn\u011b av\u0161ak n\u011bkdy mus\u00edm se dotknout dvakr\u00e1t,<\/p>\n<p>mus\u00edte prost\u011b trochu p\u0159itla\u010dit ( dostate\u010dn\u011b se dotknout ).<\/p>\n<p>&nbsp;<\/p>\n<p><a href=\"http:\/\/jvelektronika.cz\/wp-content\/uploads\/2015\/02\/oks.jpg\"><img decoding=\"async\" loading=\"lazy\" class=\"  wp-image-780 alignleft\" src=\"http:\/\/jvelektronika.cz\/wp-content\/uploads\/2015\/02\/oks.jpg\" alt=\"oks\" width=\"404\" height=\"323\" srcset=\"https:\/\/jvelektronika.cz\/wp-content\/uploads\/2015\/02\/oks.jpg 696w, https:\/\/jvelektronika.cz\/wp-content\/uploads\/2015\/02\/oks-300x239.jpg 300w\" sizes=\"(max-width: 404px) 100vw, 404px\" \/><\/a><a href=\"http:\/\/jvelektronika.cz\/wp-content\/uploads\/2015\/02\/ok2s.jpg\"><img decoding=\"async\" loading=\"lazy\" class=\"aligncenter  wp-image-776\" src=\"http:\/\/jvelektronika.cz\/wp-content\/uploads\/2015\/02\/ok2s.jpg\" alt=\"ok2s\" width=\"168\" height=\"248\" srcset=\"https:\/\/jvelektronika.cz\/wp-content\/uploads\/2015\/02\/ok2s.jpg 383w, https:\/\/jvelektronika.cz\/wp-content\/uploads\/2015\/02\/ok2s-203x300.jpg 203w\" sizes=\"(max-width: 168px) 100vw, 168px\" \/><\/a><\/p>\n<p>&nbsp;<\/p>\n<p>Na lev\u00e9m boku se nach\u00e1z\u00ed kryt pro mikro usb konektor pro p\u0159ipojen\u00ed k PC nebo nab\u00edje\u010dky. Na horn\u00ed hran\u011b se nach\u00e1z\u00ed pouze jedno tla\u010d\u00edtko a to pro zapnut\u00ed a vypnut\u00ed telefonu, 3,5mm jack.<\/p>\n<p>Na prav\u00e9m boku najdeme HDMI konektor, dv\u011b tla\u010d\u00edtka na regulaci hlasitosti v kol\u00e9bkovit\u00e9m proveden\u00ed a spou\u0161\u0165 fotoapar\u00e1tu.<\/p>\n<p>&nbsp;<\/p>\n<p>Krytka USB a HDMI nen\u00ed p\u0159\u00edli\u0161 \u0161tastn\u011b \u0159e\u0161en\u00e1, ale zat\u00edm s t\u00edm probl\u00e9my nem\u00e1m. Mus\u00ed se opatrn\u011b sundavat.<\/p>\n<p>&nbsp;<\/p>\n<p>Na spodn\u00ed stran\u011b je mikrofon a mo\u017enost upevn\u011bn\u00ed na \u0159em\u00ednek.<\/p>\n<p>Ze zadu se nach\u00e1z\u00ed fotoapar\u00e1t, reproduktor a mikrofon pro regulaci hlasitosti p\u0159i telefonov\u00e1n\u00ed.<\/p>\n<p>&nbsp;<\/p>\n<p>Jeliko\u017e mi telefon nat\u00e1\u010d\u00ed video se stereo zvukem, tak p\u0159edpokl\u00e1d\u00e1m, \u017ee se vyu\u017e\u00edvaj\u00ed oba dva mikrofony tj. zezadu a na spodn\u00ed hran\u011b telefonu.<\/p>\n<p>&nbsp;<\/p>\n<p>Nad displejem je kamera pro videohovory atd. Tak\u00e9 je s n\u00ed mo\u017eno fotit. D\u00e1le zde najdeme indika\u010dn\u00ed osv\u011btlen\u00ed a senzory p\u0159ibl\u00ed\u017een\u00ed a osv\u011btlen\u00ed.<\/p>\n<p>Senzor pro regulaci jasu dle okoln\u00edho osv\u011btlen\u00ed pravd\u011bpodobn\u011b nelze v sou\u010dasn\u00e9m syst\u00e9mu vyu\u017e\u00edvat a pravd\u011bpodobn\u011b se to zm\u011bn\u00ed s nov\u00fdm Androidem 4 .<\/p>\n<p>&nbsp;<\/p>\n<p>&nbsp;<\/p>\n<h3>Zvuk &#8211; P\u0159i telefonov\u00e1n\u00ed a zadn\u00ed repro pro p\u0159ehr\u00e1v\u00e1n\u00ed hudby + sluch\u00e1tka<\/h3>\n<p>&nbsp;<\/p>\n<p>Nejprve se budu v\u011bnovat kvalit\u011b zvuku p\u0159i telefonov\u00e1n\u00ed. D\u00e1le p\u0159ipomenu, \u017ee pro kvalitn\u00ed hovor je telefon vybaven na zadn\u00ed stran\u011b pod fotoapar\u00e1tem mikrofonem, kter\u00fd, dalo by se \u0159\u00edci, \u017ee pozoruje ( poslouch\u00e1 ) okoln\u00ed zvuky a t\u00edm se pot\u00e9 reguluje zvuk a \u0161um v reproduktoru b\u011bhem hovoru.<\/p>\n<p>Kvalita zvuku je opravdu v\u00fdborn\u00e1, \u017eadn\u00e9 chr\u010den\u00ed atd. Zvuk je \u010dist\u00fd a dostate\u010dn\u011b hlasit\u00fd poku\u010f se nach\u00e1z\u00edte v hlu\u010dn\u00e9m prost\u0159ed\u00ed.<\/p>\n<p>&nbsp;<\/p>\n<p>&nbsp;<\/p>\n<p>Zvuk zadn\u00edho reproduktoru, je celkov\u011b dobr\u00fd. poslech hudby \u010di vizv\u00e1n\u011bn\u00ed je velmi hlasit\u00fd s pou\u017eitou technologi\u00ed vylep\u0161en\u00ed zvuku X Cloud. V\u00fd\u0161ky telefon zvl\u00e1d\u00e1 v\u00fdborn\u011b, ale za to basy jsou u\u017e hor\u0161\u00ed. Hudebn\u00ed p\u0159ehr\u00e1va\u010d m\u00e1 ekvaliz\u00e9r s mo\u017enost\u00ed nastavit si vlastn\u00ed volbu co\u017e doporu\u010duji. M\u011b osobn\u011b nevyhovuje ani jedna z p\u0159eddefinovan\u00fdch mo\u017enost\u00ed. M\u016fj p\u0159edchoz\u00ed telefon SE Xperia x10 mini, m\u011bl dle m\u00e9ho n\u00e1zoru lep\u0161\u00ed a kvalitn\u011bj\u0161\u00ed zvuk pro p\u0159ehr\u00e1v\u00e1n\u00ed hudby.<\/p>\n<p>&nbsp;<\/p>\n<p>P\u0159ehr\u00e1va\u010d hudby byl opravdu zm\u011bn\u011bn od Sony na graficky p\u011bkn\u00fd a p\u0159ehledn\u00fd p\u0159ehr\u00e1va\u010d a nav\u00edc s Androidem 4 bude p\u0159ehr\u00e1va\u010d Walkman a bude je\u0161t\u011b lep\u0161\u00ed.<\/p>\n<p>&nbsp;<\/p>\n<p>Sluch\u00e1tka &#8211; nezb\u00fdv\u00e1 mi co dodat ne\u017e \u0159\u00edci, \u017ee perfektn\u00ed, \u010dist\u00fd, \u017e\u00e1dn\u00fd \u0161um apod. V\u00fd\u0161ky, basy v\u0161e je v\u00fdborn\u00e9.<\/p>\n<p>Co m\u011b zarazilo je to, \u017ee sluch\u00e1tka nemaji mo\u017enost regulace hlasitosti co\u017e je zar\u00e1\u017eej\u00edc\u00ed.<\/p>\n<h3>Baterie<\/h3>\n<p>&nbsp;<\/p>\n<p>Baterie i p\u0159es svoji celkov\u011b velkou kapacitu se relativn\u011b rychle vyb\u00edj\u00ed. Poku\u010f m\u00e1me zaplou 3G s\u00ed\u0165 a datov\u00e9 p\u0159enosy a jsme cca. 30 minut na internetu a k tomu 30 minut provol\u00e1m\u011b a nap\u00ed\u0161eme n\u011bkolik SMS a aktivovan\u00fd bud\u00edk, tak telefon vydr\u017e\u00ed p\u0159ibli\u017en\u011b 3 dny. Poku\u010f m\u00e1me aktivovanou poze 2G s\u00ed\u0165, protelefonujeme 45 minut a nap\u00ed\u0161eme n\u011bkolik SMS a m\u00e1me aktivovan\u00fd bud\u00edk, tak baterie vydr\u017e\u00ed cca. 5 dn\u00ed.<\/p>\n<p>Na plo\u0161e n\u011bkolik widget\u016f a jas na 100%<\/p>\n<p>&nbsp;<\/p>\n<p>Je tu je\u0161t\u011b jeden probl\u00e9m co se baterie t\u00fd\u010de: Poku\u010f je telefon nap\u00e1jen pomoc\u00ed adapt\u00e9ru \u010di USB, tak baterie se p\u0159i zat\u00ed\u017een\u00ed ( 3D hry ) vyb\u00edj\u00ed, m\u00edsto toho aby se pomalu nab\u00edjela. Jinak se baterie nabije relativn\u011b rychle ( cca. 2 hodiny ), ale nesm\u00edte telefon p\u0159\u00edli\u0161 zat\u011b\u017eovat.<\/p>\n<p>&nbsp;<\/p>\n<p>Zaj\u00edmav\u00e9 je, \u017ee na r\u016fzn\u00fdch webech kritizuj\u00ed v recenz\u00edch v\u00fddr\u017e baterie, ale u Samsungu SIII vydr\u017e\u00ed baterie je\u0161t\u011b m\u00e9n\u011b ne\u017e u Xperie S a p\u0159itom m\u00e1 v\u011bt\u0161\u00ed kapacitu a p\u00ed\u0161\u00ed v recenz\u00edch, \u017ee je tato v\u00fddr\u017e dostate\u010dn\u00e1. SIII lze vyb\u00edt b\u011bhem n\u011bkolika hodin a jinak vydr\u017e\u00ed cca. 2 dny. M\u00e1 Xperie S vydr\u017e\u00ed 3 dny a je zapl\u00e1 b\u011bhem noci s aktivovan\u00fdm bud\u00edkem. B\u011bhem t\u0159\u00ed dn\u016f jsem na internetu minim\u00e1ln\u011b 40 minut na 3G s\u00edti.<\/p>\n<p>&nbsp;<\/p>\n<p>M\u016eJ N\u00c1ZOR NA V\u00ddDR\u017d JE JASN\u00dd &#8211; V\u00ddDR\u017d <strong>Xperie S\u00a0<\/strong> JE V\u00ddBORN\u00c1!!!<\/p>\n<p>&nbsp;<\/p>\n<p>D\u00e1 se \u0159\u00edci, \u017ee baterie na jedno nabit\u00ed vydr\u017e\u00ed celkov\u011b d\u00e9le ne\u017e na telefonech jin\u00e9 zna\u010dky nap\u0159. Samsung SIII atd.<\/p>\n<p>&nbsp;<\/p>\n<h3>Internet a 3G<\/h3>\n<p>&nbsp;<\/p>\n<p>Telefon m\u00e1 klasick\u00fd internetov\u00fd prohl\u00ed\u017ee\u010d v Androidu.<\/p>\n<p>Prohl\u00ed\u017ee\u010d m\u00e1 pom\u011brn\u011b dost mo\u017enost\u00ed nastaven\u00ed. Flash, java script a mnoho dal\u0161\u00edho.<\/p>\n<p>Prohl\u00ed\u017een\u00ed internetu na 3G s\u00edti ( 3,5G p\u0159i dostate\u010dn\u00e9m sign\u00e1lu ) je rychl\u00e9 a str\u00e1nka se na\u010dte b\u011bhem 1-2 sekund co\u017e je nap\u0159. o proti Noki\u00edm n\u011bkolikan\u00e1sobn\u011b rychleji ( Nokia 500 ). Flash animace na str\u00e1nk\u00e1ch jdou bez sek\u00e1n\u00ed.<\/p>\n<p>V prohl\u00ed\u017ee\u010di lze vyu\u017e\u00edt p\u0159ibl\u00ed\u017een\u00ed dv\u011bma prsty ( Dual Touch ) s naprosto plynul\u00fdm p\u0159ibl\u00ed\u017een\u00edm.<\/p>\n<p>Nechyb\u00ed mo\u017enost sd\u00edlen\u00ed internet na po\u010d\u00edta\u010d.<\/p>\n<p>&nbsp;<\/p>\n<h3>Displej<\/h3>\n<p>&nbsp;<\/p>\n<p>Displej m\u00e1 rozli\u0161en\u00ed Hd 1280&#215;720 bod\u016f s vysok\u00fdm jasem a technologi\u00ed\u00a0 Bravia Mobile Engine, kter\u00fd vylep\u0161\u00ed u\u017e tak perfektn\u00ed displej. Barvy zobrazuje<\/p>\n<p>v\u00fdborn\u011b &#8211;\u00a0 \u010dern\u00e1 je \u010dern\u00e1, ale b\u00edl\u00e1 u\u017e nen\u00ed tak jak by m\u011bla b\u00fdt. I p\u0159esto, \u017ee m\u00e1 telefon vylep\u0161en\u00ed TFT displej, tak se m\u016f\u017ee m\u011b\u0159it s Amoled.<\/p>\n<p>Displej m\u00e1 velkou spot\u0159ebu energije, ale i tak to nebude, tak hrozn\u00e9 jeliko\u017e baterie m\u00e1 velkou v\u00fddr\u017e.<\/p>\n<p>&nbsp;<\/p>\n<p>&nbsp;<\/p>\n<p>Pozn\u00e1mka &#8211; Telefon m\u00e1m aktualizovan\u00fd na posledn\u00ed verzy syst\u00e9mu Android 2.3.7 a s touto verz\u00ed je i recenze.<\/p>\n<\/div>\n<\/div>\n<p>&nbsp;<\/p>\n","protected":false},"excerpt":{"rendered":"<p>Megarecenze 1 08.05.2012 14:13 Recenze 1 upravena &#8211; Megarecenze 1 Prvn\u00ed dojmy, konstrukce &nbsp; Na prvn\u00ed pohled telefon p\u016fsob\u00ed opravdu velice dob\u0159e, nikde nic nevr\u017ee ani nic nevy\u010dn\u00edv\u00e1. Dob\u0159e padne do ruky a dr\u017e\u00ed se perfektn\u011b. Displej je leskl\u00fd a z v\u00fdroby je na n\u011bm nalepena ochrann\u00e1 f\u00f3lie, tak jak [&hellip;]<\/p>\n","protected":false},"author":1,"featured_media":0,"parent":51,"menu_order":0,"comment_status":"closed","ping_status":"open","template":"","meta":{"footnotes":""},"_links":{"self":[{"href":"https:\/\/jvelektronika.cz\/index.php?rest_route=\/wp\/v2\/pages\/138"}],"collection":[{"href":"https:\/\/jvelektronika.cz\/index.php?rest_route=\/wp\/v2\/pages"}],"about":[{"href":"https:\/\/jvelektronika.cz\/index.php?rest_route=\/wp\/v2\/types\/page"}],"author":[{"embeddable":true,"href":"https:\/\/jvelektronika.cz\/index.php?rest_route=\/wp\/v2\/users\/1"}],"replies":[{"embeddable":true,"href":"https:\/\/jvelektronika.cz\/index.php?rest_route=%2Fwp%2Fv2%2Fcomments&post=138"}],"version-history":[{"count":3,"href":"https:\/\/jvelektronika.cz\/index.php?rest_route=\/wp\/v2\/pages\/138\/revisions"}],"predecessor-version":[{"id":938,"href":"https:\/\/jvelektronika.cz\/index.php?rest_route=\/wp\/v2\/pages\/138\/revisions\/938"}],"up":[{"embeddable":true,"href":"https:\/\/jvelektronika.cz\/index.php?rest_route=\/wp\/v2\/pages\/51"}],"wp:attachment":[{"href":"https:\/\/jvelektronika.cz\/index.php?rest_route=%2Fwp%2Fv2%2Fmedia&parent=138"}],"curies":[{"name":"wp","href":"https:\/\/api.w.org\/{rel}","templated":true}]}}