{"id":134,"date":"2014-08-16T22:35:14","date_gmt":"2014-08-16T20:35:14","guid":{"rendered":"http:\/\/jvelektronika.cz\/?page_id=134"},"modified":"2015-03-14T09:44:59","modified_gmt":"2015-03-14T08:44:59","slug":"sgs3-recenze-2-android-4-1-1","status":"publish","type":"page","link":"https:\/\/jvelektronika.cz\/?page_id=134","title":{"rendered":"SGS3 &#8211; RECENZE 2 &#8211; Android 4.1.1."},"content":{"rendered":"<div>\n<h1>SGS3 &#8211; RECENZE 2 &#8211; Android 4.1.1.<\/h1>\n<\/div>\n<div>\n<div><ins>31.10.2012 19:29<\/ins><\/p>\n<h1>Samsung Galaxy S3 &#8211; RECENZE 2 &#8211; Android 4.1.1.<\/h1>\n<p>&nbsp;<\/p>\n<p>&nbsp;<\/p>\n<p>&nbsp;<\/p>\n<h3><strong>Prvn\u00ed dojmy z nov\u00e9ho syst\u00e9mu<\/strong><\/h3>\n<p>&nbsp;<\/p>\n<p>Syst\u00e9m na prvn\u00ed pohled vypad\u00e1 p\u011bkn\u011b. P\u0159ibylo n\u011bkolik novinek, ale tak\u00e9 se kompletn\u011b zm\u011bnila mo\u017enost nastavov\u00e1n\u00ed syst\u00e9mu. Je zde nyn\u00ed mnohem v\u00edce mo\u017enost\u00ed nastaven\u00ed a dokonce nastaven\u00ed HDMI, ale mus\u00edte m\u00edt redukci s USB na HDMI.<\/p>\n<p>\u010ceho jsem si v\u0161iml a\u017e dnes je to, \u017ee kdy\u017e zap\u00edn\u00e1te bud\u00edk, tak je tam obr\u00e1zek nap\u0159. nebe, noc a podobn\u011b, z\u00e1le\u017e\u00ed na \u010dase buzen\u00ed a to ovlivn\u00ed i obr\u00e1zek.<\/p>\n<p>P\u0159ibyli nov\u00e9 animovan\u00e9 efekty v cel\u00e9m syst\u00e9mu, kter\u00e9 jsou p\u011bkn\u00e9 a plynul\u00e9.<\/p>\n<p>Telefon mi s Androidem 4.1 p\u0159ijde, \u017ee m\u00e1 pomal\u00e9 reakce a nen\u00ed, tak rychl\u00ed jako p\u0159ed t\u00edm.<\/p>\n<p>U displeje ji\u017e nen\u00ed mo\u017enost nastaven\u00ed barev ru\u010dn\u011b jako bylo nap\u0159. dynamick\u00e9, standartn\u00ed atd.<\/p>\n<p>P\u0159i aktualizaci ze star\u00e9 verze z\u016fstalo zachov\u00e1no nastaven\u00ed a nic se nesmazalo co\u017e m\u011b velmi pot\u011b\u0161ilo.<\/p>\n<p>Horn\u00ed stavov\u00e1 li\u0161ta je nyn\u00ed \u0161ed\u00e1.<\/p>\n<p>&nbsp;<\/p>\n<p>&nbsp;<\/p>\n<p>&nbsp;<\/p>\n<h3>Mo\u017enosti nastaven\u00ed<\/h3>\n<p>&nbsp;<\/p>\n<p>Re\u017eim domovsk\u00e9 obrazovky &#8211; Jsou zde dv\u011b mo\u017enosti: Z\u00e1kladn\u00ed a snadn\u00fd re\u017eim.<\/p>\n<p>Re\u017eim blokov\u00e1n\u00ed &#8211; Zde je nap\u0159\u00edklad mo\u017en\u00e9 vypnout p\u0159\u00edchoz\u00ed hovory, \u010di led indik\u00e1tor a spoustu dal\u0161\u00edho.<\/p>\n<p>U nastaven\u00ed displeje bych zm\u00ednil mo\u017enost AUTOMATICK\u00c9HO NASTAVEN\u00cd T\u00d3NU DISPLEJE, kde je zm\u00ednka, \u017ee to tak\u00e9 \u0161et\u0159\u00ed baterii.<\/p>\n<p>Vylep\u0161en byl tak\u00e9 SPR\u00c1VCE APLIKAC\u00cd, ve kter\u00e9m se mezi slu\u017ebami a dal\u0161\u00edm p\u0159esouva jako na domovsk\u00e9= obrazovce, tedy p\u0159ejedete prstem do strany.<\/p>\n<p>Zaj\u00edmav\u00e9 mo\u017enosti nastaven\u00ed najdete v nastaven\u00ed: V\u00fdvoj\u00e1\u0159sk\u00e9 mo\u017enosti, KDE JE TOHO OPRAVDU SPOUSTA. Je zde mo\u017enost r\u016fzn\u00e9ho nastaven\u00ed animac\u00ed, zobrazen\u00ed vyu\u017eit\u00ed CPU. Nastaven\u00ed je zde pro: LAD\u011aN\u00cd, ZAD\u00c1N\u00cd, KRESLEN\u00cd, SLEDOV\u00c1N\u00cd, APLIKACE. CO SE kreslen\u00ed T\u00dd\u010cE, TAK JE ZDE NEJV\u00cdCE MO\u017dNOST\u00cd A JE JICH OPRAVDU MNOHO. Do kreslen\u00ed spadaj\u00ed nap\u0159. animace a spousta dal\u0161\u00edho nastaven\u00ed.<\/p>\n<p>&nbsp;<\/p>\n<p><strong>V\u00fdvoj\u00e1\u0159sk\u00e9 mo\u017enosti :<\/strong><\/p>\n<p>&nbsp;<\/p>\n<p><a href=\"http:\/\/jvelektronika.cz\/wp-content\/uploads\/2015\/02\/nastav5.jpg\"><img decoding=\"async\" loading=\"lazy\" class=\"aligncenter  wp-image-768\" src=\"http:\/\/jvelektronika.cz\/wp-content\/uploads\/2015\/02\/nastav5.jpg\" alt=\"nastav5\" width=\"327\" height=\"581\" \/><\/a><\/p>\n<p>&nbsp;<\/p>\n<p>Nastaven\u00ed fotoapar\u00e1tu se p\u0159\u00edli\u0161 nezm\u011bnilo, ale u nastaven\u00ed bylo pou\u017eito pr\u016fhledn\u00e9 pozad\u00ed, ale jak jsem ji\u017e zm\u00ednil na \u00favod, tak m\u011b p\u0159ipad\u00e1, \u017ee je telefon pomalej\u0161\u00ed a reakce by mohli b\u00fdt mnohem rychleji\u0161\u00ed.<\/p>\n<p>&nbsp;<\/p>\n<p>&nbsp;<\/p>\n<p>&nbsp;<\/p>\n<h3>Baterie a v\u00fddr\u017e s nov\u00fdm Androidem 4.1.1<\/h3>\n<p>&nbsp;<\/p>\n<p>Baterie vydr\u0159\u00ed p\u0159ibli\u017en\u011b na stejnou dobu jako s Androidem 4.0.4.<\/p>\n<p>Baterie se p\u0159\u00edli\u0161 nezah\u0159\u00edv\u00e1, ale p\u0159ijde mi trochu tepl\u00e1 p\u0159i men\u0161\u00edm zat\u00ed\u017een\u00ed nap\u0159\u00edklad na WiFi s internetem apod.<\/p>\n<p>Mo\u017enost ukon\u010dovat aplikace, kter\u00e9 vyu\u017eiv\u00e1j\u00ed baterii st\u00e1le z\u016fstav\u00e1 av\u0161ak je zde jina\u010d\u00ed vzhled.<\/p>\n<p>Baterie p\u0159i b\u011b\u017en\u00e9m pou\u017eiv\u00e1n\u00ed cca. 20 telefonov\u00e1n\u00ed ( 2G ) a zapl\u00e9 wifi 3 hodiny vydr\u017e\u00ed p\u0159ibli\u017en\u011b 3 dny. P\u0159ipom\u00edn\u00e1m, \u017ee jas displeje m\u00e1m st\u00e1le na 50% a nepou\u017e\u00edv\u00e1m animovan\u00e9 ( \u017dIV\u00c9 ) tapety.<\/p>\n<p>&nbsp;<\/p>\n<p><strong>Foto: Nov\u00e9 nastaven\u00ed bud\u00edku.<\/strong><\/p>\n<p>&nbsp;<\/p>\n<p>&nbsp;<\/p>\n<p>&nbsp;<\/p>\n<p><a href=\"http:\/\/jvelektronika.cz\/wp-content\/uploads\/2015\/02\/bud\u00edk.jpg\"><img decoding=\"async\" loading=\"lazy\" class=\"aligncenter size-full wp-image-678\" src=\"http:\/\/jvelektronika.cz\/wp-content\/uploads\/2015\/02\/bud\u00edk.jpg\" alt=\"bud\u00edk\" width=\"640\" height=\"360\" srcset=\"https:\/\/jvelektronika.cz\/wp-content\/uploads\/2015\/02\/bud\u00edk.jpg 640w, https:\/\/jvelektronika.cz\/wp-content\/uploads\/2015\/02\/bud\u00edk-300x168.jpg 300w\" sizes=\"(max-width: 640px) 100vw, 640px\" \/><\/a><\/p>\n<p>&nbsp;<\/p>\n<p>&nbsp;<\/p>\n<h3>Indika\u010dn\u00ed LED dioda<\/h3>\n<p>&nbsp;<\/p>\n<p>Co se t\u00fd\u010de v\u00fdchoz\u00edch indikac\u00ed v nov\u00e9m syst\u00e9mu, tak jsou stejn\u00e9 jako v star\u0161\u00edm syst\u00e9mu.<\/p>\n<p>V\u00fdhodou je mo\u017enost, \u017ee kdy\u017e st\u00e1hnete n\u011bjakou aplikaci, kter\u00e1 m\u00e1 mo\u017enost vybrat r\u016fzn\u00e9 barvy led indik\u00e1toru. Takov\u00e1 aplikace m\u016f\u017ee b\u00fdt nap\u0159\u00edklad aplikace <strong>WhatsApp<\/strong>, kter\u00e1 slou\u017e\u00ed na chat. J\u00e1 m\u00e1m nastavenou LED indikaci na <strong>purpurovou<\/strong>. OTESTOVAL JSEM I NASTAVEN\u00cd B\u00cdLE BARVY PRO OZN\u00c1MEN\u00cd GMAILU &#8211; Led indik\u00e1tor tedy m\u016f\u017ee blikat, tak\u00e9 b\u00edlou barvou.<\/p>\n<p>&nbsp;<\/p>\n<p><a href=\"http:\/\/jvelektronika.cz\/wp-content\/uploads\/2015\/02\/led-fial.jpg\"><img decoding=\"async\" loading=\"lazy\" class=\"aligncenter size-full wp-image-750\" src=\"http:\/\/jvelektronika.cz\/wp-content\/uploads\/2015\/02\/led-fial.jpg\" alt=\"led fial\" width=\"394\" height=\"354\" srcset=\"https:\/\/jvelektronika.cz\/wp-content\/uploads\/2015\/02\/led-fial.jpg 394w, https:\/\/jvelektronika.cz\/wp-content\/uploads\/2015\/02\/led-fial-300x269.jpg 300w\" sizes=\"(max-width: 394px) 100vw, 394px\" \/><\/a><\/p>\n<p>Led indikator blik\u00e1 fialov\u011b.<\/p>\n<p>&nbsp;<\/p>\n<h3>Mobiln\u00ed s\u00edgn\u00e1l 3G s nov\u00fdm syst\u00e9mem<\/h3>\n<p>S nov\u00fdm syst\u00e9mem se zlep\u0161ila citlivost 3G sign\u00e1lu a nyn\u00ed m\u00e1m ji\u017e mnohem lep\u0161\u00ed sign\u00e1l na chat\u011b na stejn\u00e9m m\u00edst\u011b. Sign\u00e1l je stabiln\u00ed a to dv\u011b \u010d\u00e1rky, prakticky stejn\u00e9 jako u Xperie S. Sign\u00e1l se t\u00fdka mobiln\u00edho oer\u00e1tora O2.<\/p>\n<p>&nbsp;<\/p>\n<h3>P\u0159ipojen\u00ed k internetu a sd\u00edlen\u00ed jej pomoc\u00ed WiFi<\/h3>\n<p>&nbsp;<\/p>\n<p>Mus\u00edm podotknout, \u017ee s\u00edla dosahu vys\u00edl\u00e1n\u00ed WiFi sign\u00e1lu u SGS3 je a\u017e ohromuj\u00edc\u00ed. S\u00edt\u00ed byl pokryt\u00fd cel\u00fd byt na chat\u011b odjednoho konce k druh\u00e9mu a \u017ee to byla opravdu dlouh\u00e1 vzd\u00e1lenost. S nov\u00fdm tabletem jsem se p\u0159ipojil na druh\u00e9m konci bytu a s\u00edgn\u00e1l byl t\u00e9m\u011b\u0159 pln\u00fd av\u0161ak ob\u010das sign\u00e1l klesl na dv\u011b \u010d\u00e1rky a pot\u00e9 se zase vr\u00e1til na plno. D\u00e1 se \u0159\u00edci, \u017ee SGS3 vys\u00edl\u00e1 stabiln\u00ed a siln\u00fd sign\u00e1l. Tak\u00e9 jsem zjistil, \u017ee kdy\u017e baterie u SGS3 klesla na cca. 7%, tak se automaticky vyplo sd\u00edlen\u00ed internetu. Telefon se b\u011bhem t\u00e9to operace t\u00e9m\u011b\u0159 v\u016fbec nezah\u0159\u00edval a v\u0161e fungovalo, tak jak m\u011blo.<\/p>\n<p>&nbsp;<\/p>\n<h3>Hlasit\u00fd reproduktor b\u011bhem telefon\u00edho hovoru<\/h3>\n<p>&nbsp;<\/p>\n<p>P\u0159edem p\u00ed\u0161i, \u017ee p\u0159i pln\u00e9 hlasitosti je kvalita \u0161\u00edlen\u011b hrozn\u00e1 a kdy\u017e hlasitost zeslab\u00edm o 3 stupn\u011b, tak je sice zvuk kvalitn\u011bj\u0161\u00ed av\u0161ak je p\u0159\u00edli\u0161 tich\u00fd!<\/p>\n<p>Xperie S bylo v t\u00e9to funkci mnohem lep\u0161\u00ed&#8230;..<\/p>\n<p>&nbsp;<\/p>\n<h3>Hry a obecn\u00e9 informace<\/h3>\n<p>&nbsp;<\/p>\n<p>Hry funguj\u00ed bez probl\u00e9mu a bez sek\u00e1n\u00ed. P\u0159iopjen\u00ed k po\u010d\u00edta\u010di se ob\u010das nezda\u0159\u00ed a to tak, \u017ee se nena\u010dte pam\u011bt\u02c7jako ulo\u017ei\u0161t\u011b v po\u010d\u00edta\u010di, telefon se sice nab\u00edj\u00ed, ale je t\u0159eba jej odpojit a znova jej p\u0159ipojit. ( Otestov\u00e1no na Win 7 x64 s nainstalovanou aplikac\u00ed KIES a Win 8 x64 bez aplikace KIES ). Zaj\u00edmav\u00e9 je to, \u017ee s nov\u00fdm syst\u00e9mem se b\u011bhem nab\u00edjen\u00ed indika\u010dn\u00ed dioda stmav\u00ed ( sv\u00edt\u00ed m\u00e9n\u011b ) a na v\u011bt\u0161\u00edm sv\u011btle sv\u00edt\u00ed op\u011bt v\u00edce. Poku\u010f p\u0159ijde\u00a0 n\u011bjak\u00e9 ozn\u00e1men\u00ed apod, tak dioda za\u010dne blikat a to ji\u017e sv\u00edt\u00ed na plno.<\/p>\n<p>Jak jsem ji\u017e zm\u00ednil, tak nov\u00fd syst\u00e9m je pomalej\u0161\u00ed alespo\u0148 dle m\u00e9ho n\u00e1zoru, ale je to d\u00e1no tak\u00e9 t\u00edm, \u017ee jsou nastaven\u00e9 animace a p\u0159echody ji\u017e od z\u00e1kladu.<\/p>\n<p>&nbsp;<\/p>\n<p>Psan\u00ed zpr\u00e1v je nyn\u00ed vylep\u0161en\u00e9 a tak\u00e9 je zde \u010cESK\u00c1 KL\u00c1VESNICE a jinak ud\u011blan\u00e9 cel\u00e9 okno psan\u00ed zpr\u00e1v. U kl\u00e1vesnice nehyb\u00ed r\u016fzn\u00e1 nastaven\u00ed v\u010detn\u011b navrhov\u00e1n\u00ed slov co\u017e j\u00e1 osobn\u011b pou\u017e\u00edv\u00e1m av\u0161ak st\u00edm, \u017ee si mohu vybrat slovo navr\u017een\u00e9 s diakritikou, ale n\u011bkdy mi tam n\u011bkter\u00e1 slova vlo\u017e\u00ed samo a j\u00e1 si toho nev\u0161imnu a pak se v\u0161ichni d\u00edv\u00ed co to pos\u00edl\u00e1m za SMS s d\u00edvn\u00fdmi slovy. Tak \u010di onak m\u011b to vyhovuje a je pot\u0159eba si to dob\u0159e nastavit.<\/p>\n<p>&nbsp;<\/p>\n<p>Velk\u00e1 nev\u00edhoda Samsungu je ta, \u017ee aby jste mohli pos\u00edlat MMS, tak mus\u00edte m\u00edt p\u0159ipojen\u00ed k internetu a to pl\u00e1t\u00ed i pro p\u0159\u00edjem MMS. Xperia S a p\u0159edpokl\u00e1d\u00e1m, \u017ee i dal\u0161\u00ed nov\u00e9 telefony od Sony maj\u00ed mo\u017enost p\u0159ep\u00edn\u00e1t mezi p\u0159\u00edstupov\u00edmy body. ( Internet\/MMS ).<\/p>\n<p>&nbsp;<\/p>\n<p>Dal\u0161\u00ed v\u011bc je ta, \u017ee baterie s nov\u00fdm syst\u00e9mem vydr\u017e\u00ed mnohem m\u00e9n\u011b. Te\u010f telefon nab\u00edj\u00edm t\u00e9m\u011b\u0159 obden a\u017e jednou za dva dny. S Androidem 4.0.4 vydr\u017eela baterie cca. 5 dn\u00ed.<\/p>\n<p>&nbsp;<\/p>\n<p>Na z\u00e1v\u011br uvedu pouze to, \u017ee st\u0159\u00edbrn\u00fd lem kolem dokola telefonu je z nekvalitn\u00edho materi\u00e1lu a za cen cca. 15000k\u010d a m\u00e9n\u011b by m\u011blo b\u00fdt zpracov\u00e1n\u00ed cel\u00e9ho telefonu dokonal\u00e9!!! T\u00edmto Samsung u m\u011b doslova skon\u010dil a vrac\u00edm se zp\u011bt ke zna\u010dce Sony!<\/p>\n<p>&nbsp;<\/p>\n<p>&nbsp;<\/p>\n<p><strong>\u00a0\u00a0\u00a0\u00a0\u00a0 ! KONEC !<\/strong><\/p>\n<\/div>\n<\/div>\n<p>&nbsp;<\/p>\n","protected":false},"excerpt":{"rendered":"<p>SGS3 &#8211; RECENZE 2 &#8211; Android 4.1.1. 31.10.2012 19:29 Samsung Galaxy S3 &#8211; RECENZE 2 &#8211; Android 4.1.1. &nbsp; &nbsp; &nbsp; Prvn\u00ed dojmy z nov\u00e9ho syst\u00e9mu &nbsp; Syst\u00e9m na prvn\u00ed pohled vypad\u00e1 p\u011bkn\u011b. P\u0159ibylo n\u011bkolik novinek, ale tak\u00e9 se kompletn\u011b zm\u011bnila mo\u017enost nastavov\u00e1n\u00ed syst\u00e9mu. Je zde nyn\u00ed mnohem v\u00edce mo\u017enost\u00ed [&hellip;]<\/p>\n","protected":false},"author":1,"featured_media":0,"parent":53,"menu_order":0,"comment_status":"closed","ping_status":"open","template":"","meta":{"footnotes":""},"_links":{"self":[{"href":"https:\/\/jvelektronika.cz\/index.php?rest_route=\/wp\/v2\/pages\/134"}],"collection":[{"href":"https:\/\/jvelektronika.cz\/index.php?rest_route=\/wp\/v2\/pages"}],"about":[{"href":"https:\/\/jvelektronika.cz\/index.php?rest_route=\/wp\/v2\/types\/page"}],"author":[{"embeddable":true,"href":"https:\/\/jvelektronika.cz\/index.php?rest_route=\/wp\/v2\/users\/1"}],"replies":[{"embeddable":true,"href":"https:\/\/jvelektronika.cz\/index.php?rest_route=%2Fwp%2Fv2%2Fcomments&post=134"}],"version-history":[{"count":3,"href":"https:\/\/jvelektronika.cz\/index.php?rest_route=\/wp\/v2\/pages\/134\/revisions"}],"predecessor-version":[{"id":943,"href":"https:\/\/jvelektronika.cz\/index.php?rest_route=\/wp\/v2\/pages\/134\/revisions\/943"}],"up":[{"embeddable":true,"href":"https:\/\/jvelektronika.cz\/index.php?rest_route=\/wp\/v2\/pages\/53"}],"wp:attachment":[{"href":"https:\/\/jvelektronika.cz\/index.php?rest_route=%2Fwp%2Fv2%2Fmedia&parent=134"}],"curies":[{"name":"wp","href":"https:\/\/api.w.org\/{rel}","templated":true}]}}