{"id":132,"date":"2014-08-16T22:34:14","date_gmt":"2014-08-16T20:34:14","guid":{"rendered":"http:\/\/jvelektronika.cz\/?page_id=132"},"modified":"2015-03-14T09:29:25","modified_gmt":"2015-03-14T08:29:25","slug":"recenze-1","status":"publish","type":"page","link":"https:\/\/jvelektronika.cz\/?page_id=132","title":{"rendered":"Recenze 1"},"content":{"rendered":"<div>\n<h1>Recenze 1<\/h1>\n<\/div>\n<div>\n<div><ins>16.08.2012 08:39<\/ins><\/p>\n<h1>Samsung Galaxy S3<\/h1>\n<p>&nbsp;<\/p>\n<h3>Recenze 1<\/h3>\n<p>&nbsp;<\/p>\n<p><strong>Specifikace<\/strong>:<\/p>\n<div id=\"div_bullet_view_content\">\n<div>\n<h2>S\u00edt\u011b a bezdr\u00e1tov\u00e9 p\u0159ipojen\u00ed<\/h2>\n<ul>\n<li>GSM, HSPA+21<\/li>\n<li>EDGE \/ GPRS (850 \/ 900 \/ 1.800 \/ 1.900 MHz)<\/li>\n<li>HSPA+ 21 (850 \/ 900 \/ 1.900 \/ 2.100)<\/li>\n<li>P\u0159\u00edm\u00e9 p\u0159ipojen\u00ed WiFi<\/li>\n<li>GAP, SSP, HSP, HFP 1.5, A2DP, SPP, OPP, PBAP, MAP, AVRCP 1.3, HID<\/li>\n<li>NFC<\/li>\n<li>Podpora p\u0159ipojen\u00ed DLNA, MHL 1.0, HDMI 2<\/li>\n<\/ul>\n<h2>Displej<\/h2>\n<ul>\n<li>HD Super AMOLED<\/li>\n<li>16 mil. barev<\/li>\n<li>4,8&#8243;<\/li>\n<li>720 x 1280 (HD)<\/li>\n<\/ul>\n<h2>Pam\u011b\u0165<\/h2>\n<ul>\n<li>16 GB<\/li>\n<li>Mo\u017enost Micro SD a\u017e 64Gb<\/li>\n<\/ul>\n<h2>Barva<\/h2>\n<ul>\n<li>B\u00edl\u00e1<\/li>\n<li>Obl\u00e1zkov\u011b modr\u00e1<\/li>\n<\/ul>\n<\/div>\n<div>\n<h2>OS<\/h2>\n<ul>\n<li>Android 4.0.4 (ICS)<\/li>\n<\/ul>\n<h2>Baterie<\/h2>\n<ul>\n<li>2.100 mAh<\/li>\n<li>Ano<\/li>\n<li>A\u017e 1.300 minut (2 G), a\u017e 650 minut (3 G)<\/li>\n<li>A\u017e 900 hodin (2 G), a\u017e 750 hodin (3 G)<\/li>\n<\/ul>\n<h2>CPU<\/h2>\n<ul>\n<li>Rychlost procesoru 1,4 GHz<\/li>\n<\/ul>\n<h2>Konektivita<\/h2>\n<ul>\n<li>USB 2.0<\/li>\n<li>3,5 kol\u00edkov\u00fd 4 p\u00f3lov\u00fd, stereo<\/li>\n<li>MicroSD (max. 64 GB)<\/li>\n<li>Micro USB<\/li>\n<li>MHL<\/li>\n<\/ul>\n<h2>Audio a Video<\/h2>\n<ul>\n<li>MPEG4, H.264, H.263, VC-1, DivX, VP8, WMV7 \/ 8, Sorenson Spark, DivX 3.11<\/li>\n<li>Nahr\u00e1v\u00e1n\u00ed a p\u0159ehr\u00e1v\u00e1n\u00ed videa v rozli\u0161en\u00ed Full HD (1080p)<\/li>\n<li>Nahr\u00e1v\u00e1n\u00ed frekvenc\u00ed a\u017e 30 sn.\/s<\/li>\n<li>MP3, AMR-NB \/ WB, AAC \/ AAC+ \/ eAAC+, WMA, OGG (Vorbis), FLAC, AC-3, apt-X<\/li>\n<\/ul>\n<\/div>\n<div>\n<h2>Fyzick\u00e9 specifikace<\/h2>\n<ul>\n<li>136,6 x 70,6 x 8,6 mm<\/li>\n<li>133 g<\/li>\n<\/ul>\n<h2>Fotoapar\u00e1t<\/h2>\n<ul>\n<li>CMOS, 1,9 MPix<\/li>\n<li>Rozli\u0161en\u00ed zadn\u00edho fotoapar\u00e1tu 8 megapixel\u016f<\/li>\n<li>\u00a0LED<\/li>\n<\/ul>\n<h2>Senzory<\/h2>\n<ul>\n<li>Sn\u00edma\u010d zrychlen\u00ed, geomagnetick\u00fd sn\u00edma\u010d, gyroskop, sv\u011bteln\u00fd sn\u00edma\u010d RGB, tlakom\u011br<\/li>\n<\/ul>\n<h2>GPS<\/h2>\n<ul>\n<li>GPS, GLONASS<\/li>\n<\/ul>\n<\/div>\n<\/div>\n<p>&nbsp;<\/p>\n<h4>Prvn\u00ed dojmy<\/h4>\n<p>&nbsp;<\/p>\n<p>Prvn\u00ed co m\u011b zaujalo byla mal\u00e1 krabi\u010dka ve kter\u00e9 se telefon nach\u00e1zel. Krom sluch\u00e1tek a telefonu s nab\u00edje\u010dkou tam ji\u017e nic jin\u00e9ho nen\u00ed. Telefon je velmi lehk\u00fd i p\u0159es velik\u00fd displej. V b\u00edle variant\u011b, kterou jsem zvolil nejsou je-li telefon v ne\u010dinosti vid\u011bt dv\u011b soft. tla\u010d\u00edtka a to tla\u010d\u00edtko zp\u011bt a mo\u017enosti a jsou tedy viditeln\u00e9 jen poku\u010f se rozsv\u00edt\u00ed ( p\u0159i pou\u017e\u00edv\u00e1n\u00ed telefonu ). Co je opravdu \u0161koda je to, \u017ee v balen\u00ed nen\u00ed \u017e\u00e1dn\u00e9 ochrann\u00e9 pouzdro, proto\u017ee u Xperie S bylo p\u011bkn\u00e9 pouzdro i HDMI kabel a Galaxy S3 se mus\u00ed pro propojen\u00ed z TV pou\u017e\u00edt redukce, kter\u00e1 nen\u00ed v balen\u00ed.<\/p>\n<p>&nbsp;<\/p>\n<p>Jako prvn\u00ed budu ps\u00e1t o displeji.<\/p>\n<p>&nbsp;<\/p>\n<h4>Displej<\/h4>\n<p>&nbsp;<\/p>\n<p>O displeji p\u00ed\u0161i jako o prvn\u00ed \u010d\u00e1sti recenze a to proto, \u017ee je zde spousta zaj\u00edmav\u00fdch post\u0159eh\u016f jako t\u0159eba \u017eivotonost Super AMOLED atd.<\/p>\n<p>Telefon disponuje displejem SUPER AMOLED s HD rozli\u0161en\u00edm ( 1280&#215;780 bod\u016f ) s \u00fahlop\u0159\u00ed\u010dkou 4,8 palce. Tak\u00e9 jsem pomyslel co by se stalo, kdyby mi telefon spadl na zem t\u0159eba z ruky na ulici a douf\u00e1m ve vlastn\u00edm z\u00e1jmu, \u017ee se to nestane. Displej je chr\u00e1n\u011bn tzv. ochran\u00fdm sklem Gorilla Glass 2 nov\u00e9 generace a m\u011blo by b\u00fdt velmi odoln\u00e9.<\/p>\n<p><em><strong>POZN\u00c1MKA: Na YouTube jsou videa, kde testuj\u00ed co ochrann\u00e9 sklo vydr\u017e\u00ed.<\/strong><\/em><\/p>\n<p>&nbsp;<\/p>\n<p><a href=\"http:\/\/jvelektronika.cz\/wp-content\/uploads\/2015\/02\/displ.jpg\"><img decoding=\"async\" loading=\"lazy\" class=\"aligncenter  wp-image-688\" src=\"http:\/\/jvelektronika.cz\/wp-content\/uploads\/2015\/02\/displ.jpg\" alt=\"displ\" width=\"485\" height=\"646\" srcset=\"https:\/\/jvelektronika.cz\/wp-content\/uploads\/2015\/02\/displ.jpg 640w, https:\/\/jvelektronika.cz\/wp-content\/uploads\/2015\/02\/displ-225x300.jpg 225w\" sizes=\"(max-width: 485px) 100vw, 485px\" \/><\/a><\/p>\n<p>&nbsp;<\/p>\n<p><strong>Samsung Galaxy S3 d\u00e1le jen SGS 3<\/strong><\/p>\n<p>&nbsp;<\/p>\n<p><strong>SUPER AMOLED\u00a0 a \u017eivotnost u SGS 3<\/strong>: Dnes jsem kone\u010dn\u011b pracn\u011b vyp\u00e1tral a m\u00e1m v\u00edce jak dobrou zpr\u00e1vu.<strong> \u017divotnost by m\u011bla b\u00fdt v\u00edce jak 10 let co\u017e je v\u00fdborn\u00e9.<\/strong> Poku\u010f budete m\u011bnit r\u016fzn\u00e9 tapety a budete m\u00edt jas nastaven\u00fd na 70% jako to m\u00e1m j\u00e1, tak displej\u00a0 m\u011bl vydr\u017eet cca. minim\u00e1ln\u011b 20let. Displej, konkr\u00e9tn\u011b led diody jsou na organick\u00e9 b\u00e1zi a jak t\u00e9m\u011b\u0159 v\u0161ichni co vlastn\u00ed telefon\u00a0 s t\u00edmto druhem displej\u016f v\u011bd\u00ed, \u017ee modr\u00e1 barva m\u00e1 ni\u017e\u0161\u00ed \u017eivotnost ne\u017e ostatn\u00ed barvy. Ne\u017e jsem zjistil \u017eivotnost SUPER AMOLED DISPLEJE nov\u00e9ho typu co\u017e je displej nap\u0159. SGS 3, nebo Galaxy NEXUS, tak jsem n\u011bkolik hodin str\u00e1vil pro\u010d\u00edt\u00e1n\u00edm r\u016fzn\u00fdch f\u00f3rech i zahrani\u010dn\u00edch.<\/p>\n<p>Z\u00e1le\u017e\u00ed jak u\u017eivatel telefon \u010dasto pou\u017e\u00edv\u00e1 a jak\u00fd m\u00e1 nastaven\u00fd jas a jak\u00e9 barvy m\u00e1 na tapet\u011b atd.<\/p>\n<p>P\u0159ed n\u011bkolika lety byla zpr\u00e1va, \u017ee samsung zdokonalil Super AMOLED displej a tak\u00e9 prodlou\u017eil \u017eivotnost a\u017e na 3 roky a lze p\u0159edpokl\u00e1dat, \u017ee u displeje na SGS 3 je \u017eivotonost je\u0161t\u011b del\u0161\u00ed a tak\u00e9 v to douf\u00e1m.<\/p>\n<p>&nbsp;<\/p>\n<p>\u010citelnost na slunci nen\u00ed \u00fapln\u011b nejlep\u0161\u00ed a mohu podotnout, \u017ee Xperia S p\u0159i pln\u00e9m jasu m\u00e1 na slunci \u010ditelnost displeje toto\u017enou, n\u00e9-li lep\u0161\u00ed.<\/p>\n<p>Pod\u00e1n\u00ed barev je zcela v\u00fdborn\u00e9 a snad nelze nic vytknout. Jako v\u0161echny telefony, ale displej zkresluje skute\u010dn\u00e9 barvy, kdy\u017e fotografie po\u0159\u00edzenou t\u00edmto telefonem porovn\u00e1m na displeji telefonu a m\u00e9m nov\u011b po\u0159\u00edzen\u00e9m IPS monitoru ( 21.5&#8243; LG IPS224V-PN ) u PC je rozd\u00edl znateln\u00fd.<\/p>\n<p>&nbsp;<\/p>\n<p>U\u017eite\u010dn\u00e1 mo\u017enost nasteven\u00ed displeje je tzv. re\u017eim displeje, kde jsou mo\u017enosti: Dynamicky, Standartn\u00ed, P\u0159irozen\u00fd a Videoklip.<\/p>\n<p>Pozorov\u00e1c\u00ed \u00fahly displeje jsou toto\u017en\u00e9 jako u Xperie S a t\u00edm p\u00e1dem nen\u00ed pravda, \u017ee Super AMOLED displeje maj\u00ed bezkonkuren\u010dn\u00ed pozorovac\u00ed \u00fahly. Sony ji\u017e TFT displej u Xperie S na tolik zdokonalilo, \u017ee je srovnateln\u00fd se Super AMOLED technologi\u00ed.<\/p>\n<p>&nbsp;<\/p>\n<h4>Reproduktor a hudebn\u00ed p\u0159ehr\u00e1va\u010d<\/h4>\n<p>&nbsp;<\/p>\n<p>Reproduktor u SGS 3 m\u00e1 v\u00fdborn\u00fd zvuk i kdy\u017e se najde i telefon s mnohem kvalitn\u011bji\u0161\u00edm zvukov\u00fdm v\u00fdstupem. Poku\u010f bych m\u011bl srovnat zvuk s Xperi\u00ed S, tak SGS 3 m\u00e1 mnohem lep\u0161\u00ed zvuk.<\/p>\n<p>&nbsp;<\/p>\n<p><a href=\"http:\/\/jvelektronika.cz\/wp-content\/uploads\/2015\/02\/P1010922.jpg\"><img decoding=\"async\" loading=\"lazy\" class=\"  wp-image-787 alignleft\" src=\"http:\/\/jvelektronika.cz\/wp-content\/uploads\/2015\/02\/P1010922.jpg\" alt=\"P1010922\" width=\"365\" height=\"486\" srcset=\"https:\/\/jvelektronika.cz\/wp-content\/uploads\/2015\/02\/P1010922.jpg 640w, https:\/\/jvelektronika.cz\/wp-content\/uploads\/2015\/02\/P1010922-225x300.jpg 225w\" sizes=\"(max-width: 365px) 100vw, 365px\" \/><\/a><a href=\"http:\/\/jvelektronika.cz\/wp-content\/uploads\/2015\/02\/P1010920.jpg\"><img decoding=\"async\" loading=\"lazy\" class=\"aligncenter  wp-image-786\" src=\"http:\/\/jvelektronika.cz\/wp-content\/uploads\/2015\/02\/P1010920.jpg\" alt=\"P1010920\" width=\"358\" height=\"477\" srcset=\"https:\/\/jvelektronika.cz\/wp-content\/uploads\/2015\/02\/P1010920.jpg 640w, https:\/\/jvelektronika.cz\/wp-content\/uploads\/2015\/02\/P1010920-225x300.jpg 225w\" sizes=\"(max-width: 358px) 100vw, 358px\" \/><\/a><\/p>\n<p>&nbsp;<\/p>\n<p>&nbsp;<\/p>\n<p>&nbsp;<\/p>\n<p>V hudebn\u00edm p\u0159ehr\u00e1va\u010di je \u0161irok\u00e1 mo\u017enost nastaven\u00ed ekvaliz\u00e9ru a i mo\u017enost vlastn\u00ed nastaven\u00ed, kde m\u00e1me 7 p\u00e1sem vlastn\u00edho nasteven\u00ed a d\u00e1le je zde mo\u017enost roz\u0161\u00ed\u0159en\u00ed, kde se d\u00e1 nastavit: 3D zvuk ( integrovan\u00fd reproduktor nepodporuje ),\u00a0 Bass, Reverb level, Room size a Clarity. V\u0161echny mo\u017enosti se daj\u00ed nastavit na nulu, prvn\u00ed, druhou, nebo t\u0159et\u00ed \u00farove\u0148, z\u00e1le\u017e\u00ed jen na v\u00e1s jak co nastav\u00edte.<\/p>\n<p>&nbsp;<\/p>\n<p><a href=\"http:\/\/jvelektronika.cz\/wp-content\/uploads\/2015\/02\/P1010909.jpg\"><img decoding=\"async\" loading=\"lazy\" class=\"aligncenter  wp-image-784\" src=\"http:\/\/jvelektronika.cz\/wp-content\/uploads\/2015\/02\/P1010909.jpg\" alt=\"P1010909\" width=\"563\" height=\"422\" srcset=\"https:\/\/jvelektronika.cz\/wp-content\/uploads\/2015\/02\/P1010909.jpg 640w, https:\/\/jvelektronika.cz\/wp-content\/uploads\/2015\/02\/P1010909-300x225.jpg 300w\" sizes=\"(max-width: 563px) 100vw, 563px\" \/><\/a><\/p>\n<p>&nbsp;<\/p>\n<p>&nbsp;<\/p>\n<h4>Fotoapar\u00e1t a video<\/h4>\n<p>&nbsp;<\/p>\n<h5><span style=\"text-decoration: underline;\"><strong>Fotoapar\u00e1t<\/strong><\/span><\/h5>\n<p>&nbsp;<\/p>\n<p>Fotoapar\u00e1t u SGS 3 je sp\u00ed\u0161e pouze pr\u016fm\u011brn\u00fd a sn\u00edmky neosln\u00ed velkou kvalitou a co je velk\u00e9 m\u00ednus je to, \u017ee chyb\u00ed spou\u0161\u0165 fotoapar\u00e1tu a ost\u0159it se d\u00e1 pouze pomoc\u00ed displeje. Jak se m\u016f\u017eete p\u0159esv\u011bd\u010dit ve fotogalerii, tak Xperia S po\u0159izuje mnohem lep\u0161\u00ed sn\u00edmky. SGS 3 fot\u00ed v pln\u00e9m rozli\u0161en\u00ed 8 Megapixely.<\/p>\n<p>&nbsp;<\/p>\n<p><a href=\"http:\/\/jvelektronika.cz\/wp-content\/uploads\/2015\/02\/foto1.jpg\"><img decoding=\"async\" loading=\"lazy\" class=\"  wp-image-723 alignleft\" src=\"http:\/\/jvelektronika.cz\/wp-content\/uploads\/2015\/02\/foto1.jpg\" alt=\"foto1\" width=\"395\" height=\"296\" srcset=\"https:\/\/jvelektronika.cz\/wp-content\/uploads\/2015\/02\/foto1.jpg 640w, https:\/\/jvelektronika.cz\/wp-content\/uploads\/2015\/02\/foto1-300x225.jpg 300w\" sizes=\"(max-width: 395px) 100vw, 395px\" \/><\/a><a href=\"http:\/\/jvelektronika.cz\/wp-content\/uploads\/2015\/02\/foto2.jpg\"><img decoding=\"async\" loading=\"lazy\" class=\"aligncenter  wp-image-724\" src=\"http:\/\/jvelektronika.cz\/wp-content\/uploads\/2015\/02\/foto2.jpg\" alt=\"foto2\" width=\"395\" height=\"296\" srcset=\"https:\/\/jvelektronika.cz\/wp-content\/uploads\/2015\/02\/foto2.jpg 640w, https:\/\/jvelektronika.cz\/wp-content\/uploads\/2015\/02\/foto2-300x225.jpg 300w\" sizes=\"(max-width: 395px) 100vw, 395px\" \/><\/a><\/p>\n<p>Foto 1\u00a0\u00a0\u00a0\u00a0\u00a0\u00a0\u00a0\u00a0\u00a0\u00a0\u00a0\u00a0\u00a0\u00a0\u00a0\u00a0\u00a0\u00a0\u00a0\u00a0\u00a0\u00a0\u00a0\u00a0\u00a0\u00a0\u00a0\u00a0\u00a0\u00a0\u00a0\u00a0\u00a0\u00a0\u00a0\u00a0\u00a0\u00a0\u00a0\u00a0\u00a0\u00a0\u00a0\u00a0\u00a0\u00a0\u00a0\u00a0\u00a0\u00a0\u00a0\u00a0\u00a0\u00a0\u00a0\u00a0\u00a0\u00a0\u00a0\u00a0\u00a0\u00a0\u00a0\u00a0\u00a0\u00a0\u00a0\u00a0\u00a0\u00a0\u00a0\u00a0\u00a0\u00a0\u00a0\u00a0\u00a0 Foto 2<\/p>\n<p>&nbsp;<\/p>\n<p>&nbsp;<\/p>\n<p>Fotografie jsou \u010d\u00e1ste\u010dn\u011b na n\u011bkter\u00fdch m\u00edstech rozmazan\u00e9 a celkov\u011b p\u016fsob\u00ed \u0161patn\u011b a rozhodn\u011b se nem\u016f\u017eou m\u011b\u0159it s fotografiemi od Xperie S.<\/p>\n<p>Nastaven\u00ed citlivosti ISO sice pot\u011b\u0161\u00ed a dle m\u00e9ho n\u00e1zoru je tam zcela zbyte\u010dn\u011b jeliko\u017e v praxi se ned\u00e1 u tohoto telefonu vyu\u017e\u00edt a je tedy lep\u0161\u00ed nechat nastaven\u00ed na AUTO.<\/p>\n<p>Vyv\u00e1\u017een\u00ed b\u00edle bych rad\u011bji tak\u00e9 ponechal na AUTO. Jinak co se t\u00fd\u010de ost\u00e1tn\u00edho nastaven\u00ed, tak u\u017e v\u00edce u\u017eite\u010dn\u00fdch\u00a0 mo\u017enost\u00ed tam nen\u00ed.<\/p>\n<p>Nastaven\u00ed fotoapar\u00e1tu m\u011b velmi zklamalo. D\u00e1le je \u0161koda, \u017ee SGS 3 m\u00e1 stejn\u00fd sn\u00edma\u010d jako SGS 2. Rozd\u00edl je vtom, \u017ee je zde v\u00edce mo\u017enost\u00ed nastaven\u00ed a rozpozn\u00e1v\u00e1n\u00ed obli\u010deje.<\/p>\n<p>Jist\u011b pot\u011b\u0161\u00ed p\u0159isv\u011btlovac\u00ed led dioda n\u011bkdy nespr\u00e1vn\u011b naz\u00fdvan\u00fd blesk. Led diodu lze pou\u017e\u00edt i jako baterku apod.<\/p>\n<p>Po\u010det sn\u00edmk\u016f za sekundu s automatick\u00e9 ost\u0159en\u00ed jsou 3 sn\u00edmky.<\/p>\n<p>Sv\u011btelnost nen\u00ed nijak ohromuj\u00edc\u00ed.<\/p>\n<p>&nbsp;<\/p>\n<p>Pr\u00e1v\u011b jsem znova koukal na mo\u017enosti nastaven\u00ed fotoapar\u00e1tu a jedin\u00e9 co zm\u00edn\u00edm je je\u0161t\u011b mo\u017enost nastaven\u00ed re\u017eimu makro, kter\u00e9 celkem dob\u0159e funguje.<\/p>\n<p><a href=\"http:\/\/jvelektronika.cz\/wp-content\/uploads\/2015\/02\/15.jpg\"><img decoding=\"async\" loading=\"lazy\" class=\"  wp-image-637 alignleft\" src=\"http:\/\/jvelektronika.cz\/wp-content\/uploads\/2015\/02\/15.jpg\" alt=\"15\" width=\"476\" height=\"268\" srcset=\"https:\/\/jvelektronika.cz\/wp-content\/uploads\/2015\/02\/15.jpg 640w, https:\/\/jvelektronika.cz\/wp-content\/uploads\/2015\/02\/15-300x168.jpg 300w\" sizes=\"(max-width: 476px) 100vw, 476px\" \/><\/a><a href=\"http:\/\/jvelektronika.cz\/wp-content\/uploads\/2015\/02\/11.jpg\"><img decoding=\"async\" loading=\"lazy\" class=\"aligncenter  wp-image-632\" src=\"http:\/\/jvelektronika.cz\/wp-content\/uploads\/2015\/02\/11.jpg\" alt=\"11\" width=\"480\" height=\"270\" srcset=\"https:\/\/jvelektronika.cz\/wp-content\/uploads\/2015\/02\/11.jpg 640w, https:\/\/jvelektronika.cz\/wp-content\/uploads\/2015\/02\/11-300x168.jpg 300w\" sizes=\"(max-width: 480px) 100vw, 480px\" \/><\/a><\/p>\n<p>&nbsp;<\/p>\n<p><strong>Bohu\u017eel nelze nal\u00e9st ani to jakou m\u00e1 fotoapar\u00e1t sv\u011btelnest a dal\u0161\u00ed technick\u00e9 \u00fadaje.<\/strong><\/p>\n<p>&nbsp;<\/p>\n<div id=\"div_bullet_view_content\"><\/div>\n<h5><span style=\"text-decoration: underline;\"><strong>Video<\/strong><\/span><\/h5>\n<p>&nbsp;<\/p>\n<p><strong>Co se videa t\u00fd\u010de, tak to p\u0159\u00edli\u0161 kvalitou neosln\u00ed. Kdy\u017e video p\u0159ehraji v po\u010d\u00edta\u010di, tak zvuk i obraz je mnohem hor\u0161\u00ed, ne\u017e u Xperie S. <\/strong><\/p>\n<p><strong>Na v\u00edb\u011br je n\u011bkolik moznost\u00ed rozli\u0161en\u00ed a pln\u00e9 rozl\u00ed\u0161en\u00ed je 1920&#215;1080 co\u017e je fullHD. Nechyb\u00ed ani n\u011bkolik mo\u017enost\u00ed nastaven\u00ed a v\u00fdb\u011br n\u011bkolika rozli\u0161en\u00ed. <\/strong><\/p>\n<p><strong>Za zm\u00ednku stoj\u00ed tak\u00e9 stabilizace videa.<\/strong><\/p>\n<p>&nbsp;<\/p>\n<p>&nbsp;<\/p>\n<p>&nbsp;<\/p>\n<h4>P\u0159ipojen\u00ed a citlivost na sign\u00e1l<\/h4>\n<p>&nbsp;<\/p>\n<p>Mo\u017enost\u00ed p\u0159ipojen\u00ed jsou klasick\u00e9: Bluetooth, WiFi, 3G, 4G a 2G s\u00ed\u0165 GPS a Glonass.<\/p>\n<p>Dobr\u00e9 je to, \u017ee verze rozhran\u00ed bluetooth je nov\u00e1 tj. verze 4.<\/p>\n<p>Te\u010f p\u0159ijde to d\u016fle\u017eit\u00e9. Citlivost p\u0159ij\u00edma\u010de v telefonu na sign\u00e1l 2G a 3G je opravdu \u017ealostn\u00e1 a je opravdu velmi slab\u00fd. V m\u00edst\u011b, kde Nokia 500<\/p>\n<p>m\u011bla 2 \u010d\u00e1rky sign\u00e1lu, tak m\u011bl SGS 3 ob\u010das jednu, ale jin\u00e1k \u017e\u00e1dnou a p\u0159ipojen\u00ed k internetu v\u016fbec nefunguvalo. Sign\u00e1l ve stejn\u00e9m m\u00edst\u011b, kde byla Nokia 500, tak SGS 3 nem\u011bl \u017e\u00e1dn\u00fd. Zajist\u00e9 v\u00edm, \u017ee nelze p\u0159\u00edmo posuzovat takto dva r\u016fzn\u00e9 telefeny, proto\u017ee zat\u00edmco u SGS 3 m\u016f\u017ee b\u00fdt 1 \u010d\u00e1rka sign\u00e1lu, tak u Nokie 500 to sam\u00e9 m\u016f\u017ee znamenat 2 \u010d\u00e1rky sign\u00e1lu av\u0161ak v tomto p\u0159\u00edpad\u011b si to nemysl\u00edm. D\u00e1le mohu posuzovat tohle i s Xperi\u00ed X10 mini, kter\u00e1 m\u011bla ve stejn\u00e9m m\u00edst\u011b 2-3 \u010d\u00e1rky sign\u00e1lu. Tud\u00ed\u017e z Nokie 500 a Xperie X10 mini bych mohl telefonovat a b\u00fdt p\u0159ipojen\u00fd na internetu pomoc\u00ed 2G si\u0165\u011b a SGS 3, kter\u00fd je n\u011bkolikan\u00e1sobn\u011b dra\u017e\u0161\u00ed bych se ani nikam nedovolal.<\/p>\n<p>Xperia S, kter\u00e1 m\u011bla na chat\u011b 2 \u010d\u00e1rky na 3G s\u00ed\u0165 m\u00e1 SGS 3 pouze 1 a chv\u00edlemi \u017e\u00e1dnou.<\/p>\n<p>&nbsp;<\/p>\n<p>Telefon za takhle vysokou cenu by m\u011bl m\u00edt p\u0159eci jen v\u0161e v po\u0159\u00e1dku.<\/p>\n<p>Sign\u00e1l se u v\u0161ech telefon\u016f t\u00fdkal oper\u00e1tora O2.<\/p>\n<p>WiFi p\u0159ij\u00edma\u010d je u\u017e o n\u011bco lep\u0161\u00ed a je na srovnateln\u00e9 \u00farovn\u00ed jako Xperia S a zisk je tedy celkov\u011b vysok\u00fd.<\/p>\n<p>Bohu\u017eel \u017e\u00e1dn\u00fd v\u00fdrobce telefon\u016f nen\u00ed schopen ud\u011blat telefon, kter\u00fd by byl opravdu celkov\u011b v\u00fdborn\u00fd. Xperia S m\u011bla hrozn\u00e9 zpracov\u00e1n\u00ed nap\u0159. kvalita zpracov\u00e1n\u00ed zadn\u00edho krytu a t\u00e9m\u011b\u0159 cel\u00e9ho telefonu a SGS 3 m\u00e1 zase jin\u00e9 vady nap\u0159. ji\u017e zmi\u0148ovan\u00fd p\u0159\u00edjem sign\u00e1lu s porovn\u00e1n\u00edm i\u00a0 star\u0161\u00edho telefonu Xperia X10 mini, kter\u00fd stoj\u00ed cca. 2000k\u010d v bazaru.<\/p>\n<p>&nbsp;<\/p>\n<h4>Baterie a v\u00fddr\u017e<\/h4>\n<p>&nbsp;<\/p>\n<p>Hned na \u00favod se mus\u00edm p\u0159iznat, \u017ee baterie u SGS 3 m\u011b velmi p\u0159ekvapila nejen kapacitou o kter\u00e9 jsem v\u011bd\u011bl, \u017ee je pom\u011brn\u011b dost vysok\u00e1 a to v\u011bt\u0161\u00ed ne\u017e u Xperie S, ale to co m\u011b zaujalo je velk\u00e1 vydr\u017e baterie.<\/p>\n<p>Baterie mi vydr\u017e\u00ed p\u0159i b\u011b\u017en\u00e9m pou\u017e\u00edvan\u00ed tj. pouze telefonov\u00e1n\u00ed a SMS v\u00edce jak 7 dn\u00ed. Poku\u010f m\u00e1m automatick\u00fd re\u017eim 3G\/2G a ob\u010das zapnu WiFi a jsem p\u0159ibli\u017en\u011b 30 minut na internetu ( E-Mail, FB, Google Play atd. ) za 4 dny a 20 minut hran\u00ed 3D her, tak baterie vydr\u017e\u00ed 4 dny. Zajist\u00e9 m\u00e1m sn\u00ed\u017een\u00fd jas p\u0159ibli\u017en\u011b o 1\/4.<\/p>\n<p>Baterie u SGS 3 vydr\u017e\u00ed mnohem d\u00e9le ne\u017e u Xperie S u kter\u00e9 jsem odhadoval v\u011bt\u0161\u00ed v\u00fddr\u017e baterie na z\u00e1klad\u011b n\u011bkolika-m\u011bs\u00ed\u010dn\u00edho pou\u017e\u00edv\u00e1n\u00ed.<\/p>\n<p>Zaj\u00edmav\u00e9 je to, \u017ee se telefon t\u00e9m\u011b\u0159 v\u016fbec v\u00fdrazn\u011b nezah\u0159\u00edv\u00e1 co\u017e u Xperie S byl velk\u00fd probl\u00e9m, proto\u017ee ta p\u0159\u00edma \u017ehavila.<\/p>\n<p>Indika\u010dn\u00ed led dioda m\u016f\u017ee signalizovat n\u00edzk\u00fd stav baterie a tak\u00e9 nab\u00edjen\u00ed baterie a lze v mo\u017enosti indikace nastaven\u00ed upravit.<\/p>\n<p>&nbsp;<\/p>\n<p>Co m\u011b nemile p\u0159ekvapilo bylo, \u017ee v balen\u00ed je z\u00e1ruka ohledn\u011b baterie ve kter\u00e9 se p\u00ed\u0161e, \u017ee by m\u011bla vydr\u017eet pouze 6 m\u011bs\u00edc\u016f co\u017e m\u011b velmi p\u0159ekvapilo a m\u011b to p\u0159ijde jako, \u017ee baterie v SGS 3 m\u00e1 \u017eivotnost pouh\u00fdch 6 m\u011bs\u00edc\u016f. To by byl teda vrchol aby baterie u takto drah\u00e9ho telefonu za 6 m\u011bs\u00edc\u016f ode\u0161la, tak douf\u00e1m, \u017ee se tak nestane.<\/p>\n<p>&nbsp;<\/p>\n<h4>Funkce udr\u017eov\u00e1n\u00ed rozsv\u00edcen\u00e9ho displeje p\u0159i pohledu na displej<\/h4>\n<p>&nbsp;<\/p>\n<p>Tato funkce je sice pokrokv\u00e1 av\u0161ak zat\u00edm p\u0159\u00edli\u0161 nefunguje a displej mi sp\u00ed\u0161e zhas\u00edn\u00e1, ne\u017e aby st\u00e1le sv\u00edtil poku\u010f se nan\u011bj d\u00edv\u00e1m. Ob\u010das se stane, \u017ee z\u016fstane displej sv\u00edtit, tak jak m\u00e1.<\/p>\n<p>Na displeji v li\u0161t\u011b vedle sign\u00e1lu se ob\u011bv\u00ed v\u017edy ikona oka, kter\u00e1 zna\u010d\u00ed, \u017ee se na displej d\u00edvat\u00e9.<\/p>\n<p>&nbsp;<\/p>\n<p><a href=\"http:\/\/jvelektronika.cz\/wp-content\/uploads\/2015\/02\/bud\u00edk.jpg\"><img decoding=\"async\" loading=\"lazy\" class=\"  wp-image-678 alignleft\" src=\"http:\/\/jvelektronika.cz\/wp-content\/uploads\/2015\/02\/bud\u00edk.jpg\" alt=\"bud\u00edk\" width=\"473\" height=\"266\" srcset=\"https:\/\/jvelektronika.cz\/wp-content\/uploads\/2015\/02\/bud\u00edk.jpg 640w, https:\/\/jvelektronika.cz\/wp-content\/uploads\/2015\/02\/bud\u00edk-300x168.jpg 300w\" sizes=\"(max-width: 473px) 100vw, 473px\" \/><\/a><a href=\"http:\/\/jvelektronika.cz\/wp-content\/uploads\/2015\/02\/led-fial.jpg\"><img decoding=\"async\" loading=\"lazy\" class=\"aligncenter  wp-image-750\" src=\"http:\/\/jvelektronika.cz\/wp-content\/uploads\/2015\/02\/led-fial.jpg\" alt=\"led fial\" width=\"307\" height=\"276\" srcset=\"https:\/\/jvelektronika.cz\/wp-content\/uploads\/2015\/02\/led-fial.jpg 394w, https:\/\/jvelektronika.cz\/wp-content\/uploads\/2015\/02\/led-fial-300x269.jpg 300w\" sizes=\"(max-width: 307px) 100vw, 307px\" \/><\/a><a href=\"http:\/\/jvelektronika.cz\/wp-content\/uploads\/2015\/02\/li\u0161ta.jpg\"><img decoding=\"async\" loading=\"lazy\" class=\"  wp-image-757 alignleft\" src=\"http:\/\/jvelektronika.cz\/wp-content\/uploads\/2015\/02\/li\u0161ta.jpg\" alt=\"li\u0161ta\" width=\"280\" height=\"498\" srcset=\"https:\/\/jvelektronika.cz\/wp-content\/uploads\/2015\/02\/li\u0161ta.jpg 360w, https:\/\/jvelektronika.cz\/wp-content\/uploads\/2015\/02\/li\u0161ta-168x300.jpg 168w\" sizes=\"(max-width: 280px) 100vw, 280px\" \/><\/a><a href=\"http:\/\/jvelektronika.cz\/wp-content\/uploads\/2015\/02\/nastav4.jpg\"><img decoding=\"async\" loading=\"lazy\" class=\"aligncenter  wp-image-767\" src=\"http:\/\/jvelektronika.cz\/wp-content\/uploads\/2015\/02\/nastav4.jpg\" alt=\"nastav4\" width=\"278\" height=\"494\" srcset=\"https:\/\/jvelektronika.cz\/wp-content\/uploads\/2015\/02\/nastav4.jpg 360w, https:\/\/jvelektronika.cz\/wp-content\/uploads\/2015\/02\/nastav4-168x300.jpg 168w\" sizes=\"(max-width: 278px) 100vw, 278px\" \/><\/a><\/p>\n<p>&nbsp;<\/p>\n<p>&nbsp;<\/p>\n<p><strong>Ve fotogalerii se m\u016f\u017eete pod\u00edvat jak\u00e9 telefon po\u0159izuje fotografie v pln\u00e9m rozli\u0161en\u00ed tj. 8 Megapixel.<\/strong><\/p>\n<\/div>\n<\/div>\n<p>&nbsp;<\/p>\n","protected":false},"excerpt":{"rendered":"<p>Recenze 1 16.08.2012 08:39 Samsung Galaxy S3 &nbsp; Recenze 1 &nbsp; Specifikace: S\u00edt\u011b a bezdr\u00e1tov\u00e9 p\u0159ipojen\u00ed GSM, HSPA+21 EDGE \/ GPRS (850 \/ 900 \/ 1.800 \/ 1.900 MHz) HSPA+ 21 (850 \/ 900 \/ 1.900 \/ 2.100) P\u0159\u00edm\u00e9 p\u0159ipojen\u00ed WiFi GAP, SSP, HSP, HFP 1.5, A2DP, SPP, OPP, PBAP, [&hellip;]<\/p>\n","protected":false},"author":1,"featured_media":0,"parent":53,"menu_order":0,"comment_status":"closed","ping_status":"open","template":"","meta":{"footnotes":""},"_links":{"self":[{"href":"https:\/\/jvelektronika.cz\/index.php?rest_route=\/wp\/v2\/pages\/132"}],"collection":[{"href":"https:\/\/jvelektronika.cz\/index.php?rest_route=\/wp\/v2\/pages"}],"about":[{"href":"https:\/\/jvelektronika.cz\/index.php?rest_route=\/wp\/v2\/types\/page"}],"author":[{"embeddable":true,"href":"https:\/\/jvelektronika.cz\/index.php?rest_route=\/wp\/v2\/users\/1"}],"replies":[{"embeddable":true,"href":"https:\/\/jvelektronika.cz\/index.php?rest_route=%2Fwp%2Fv2%2Fcomments&post=132"}],"version-history":[{"count":3,"href":"https:\/\/jvelektronika.cz\/index.php?rest_route=\/wp\/v2\/pages\/132\/revisions"}],"predecessor-version":[{"id":941,"href":"https:\/\/jvelektronika.cz\/index.php?rest_route=\/wp\/v2\/pages\/132\/revisions\/941"}],"up":[{"embeddable":true,"href":"https:\/\/jvelektronika.cz\/index.php?rest_route=\/wp\/v2\/pages\/53"}],"wp:attachment":[{"href":"https:\/\/jvelektronika.cz\/index.php?rest_route=%2Fwp%2Fv2%2Fmedia&parent=132"}],"curies":[{"name":"wp","href":"https:\/\/api.w.org\/{rel}","templated":true}]}}