{"id":127,"date":"2014-08-16T22:28:27","date_gmt":"2014-08-16T20:28:27","guid":{"rendered":"http:\/\/jvelektronika.cz\/?page_id=127"},"modified":"2014-08-16T22:28:27","modified_gmt":"2014-08-16T20:28:27","slug":"displej-a-jas","status":"publish","type":"page","link":"https:\/\/jvelektronika.cz\/?page_id=127","title":{"rendered":"Displej a jas"},"content":{"rendered":"<div>\n<h1>Displej a jas<\/h1>\n<\/div>\n<div>\n<div><ins>01.06.2012 20:15<\/ins><\/p>\n<h3>Jas displeje<\/h3>\n<p>&nbsp;<\/p>\n<p>Mnoh\u00fdm zv\u00e1s mo\u017en\u00e1 bude vadit to, \u017ee podsv\u00edcen\u00ed displeje nelze nastavit na plno a jas se automaticky reguluje pomoc\u00ed \u010didla okoln\u00edho osv\u011btlen\u00ed. Existuje v\u0161ak aplikace, ve kter\u00e9 m\u016f\u017eete nastavit vipnut\u00ed sv\u011bteln\u00e9ho \u010didla a nastavit jas na 100%.<\/p>\n<p>Aplikace se jmenuje : <strong>LanternSoft Brightness Control v1.00(0) S60v5 S^3 signed<\/strong><\/p>\n<p>Aplikace funguje bez probl\u00e9mu na Symbian Belle na m\u00e9 N500. Jas je st\u00e1le na maximum i po vipnut\u00ed a op\u011btovn\u00e9m zapnut\u00ed telefonu. Nastaven\u00ed je velmi jednoduch\u00e9 v angli\u010dtin\u011b.<\/p>\n<p>&nbsp;<\/p>\n<p>Vy\u0161la nov\u00e1 verze software verze: <strong>111.021.0028<\/strong><\/p>\n<p><strong>Program pro deaktivaci \u010didla okoln\u00edho osv\u011btlen\u00ed je funk\u010dn\u00ed i v nov\u00e9m syst\u00e9mu Nokia Belle Refresh a jas displeje je st\u00e1le na max.<\/strong><\/p>\n<p>&nbsp;<\/p>\n<\/div>\n<\/div>\n<p>&nbsp;<\/p>\n","protected":false},"excerpt":{"rendered":"<p>Displej a jas 01.06.2012 20:15 Jas displeje &nbsp; Mnoh\u00fdm zv\u00e1s mo\u017en\u00e1 bude vadit to, \u017ee podsv\u00edcen\u00ed displeje nelze nastavit na plno a jas se automaticky reguluje pomoc\u00ed \u010didla okoln\u00edho osv\u011btlen\u00ed. Existuje v\u0161ak aplikace, ve kter\u00e9 m\u016f\u017eete nastavit vipnut\u00ed sv\u011bteln\u00e9ho \u010didla a nastavit jas na 100%. Aplikace se jmenuje : LanternSoft [&hellip;]<\/p>\n","protected":false},"author":1,"featured_media":0,"parent":55,"menu_order":0,"comment_status":"closed","ping_status":"open","template":"","meta":{"footnotes":""},"_links":{"self":[{"href":"https:\/\/jvelektronika.cz\/index.php?rest_route=\/wp\/v2\/pages\/127"}],"collection":[{"href":"https:\/\/jvelektronika.cz\/index.php?rest_route=\/wp\/v2\/pages"}],"about":[{"href":"https:\/\/jvelektronika.cz\/index.php?rest_route=\/wp\/v2\/types\/page"}],"author":[{"embeddable":true,"href":"https:\/\/jvelektronika.cz\/index.php?rest_route=\/wp\/v2\/users\/1"}],"replies":[{"embeddable":true,"href":"https:\/\/jvelektronika.cz\/index.php?rest_route=%2Fwp%2Fv2%2Fcomments&post=127"}],"version-history":[{"count":1,"href":"https:\/\/jvelektronika.cz\/index.php?rest_route=\/wp\/v2\/pages\/127\/revisions"}],"predecessor-version":[{"id":128,"href":"https:\/\/jvelektronika.cz\/index.php?rest_route=\/wp\/v2\/pages\/127\/revisions\/128"}],"up":[{"embeddable":true,"href":"https:\/\/jvelektronika.cz\/index.php?rest_route=\/wp\/v2\/pages\/55"}],"wp:attachment":[{"href":"https:\/\/jvelektronika.cz\/index.php?rest_route=%2Fwp%2Fv2%2Fmedia&parent=127"}],"curies":[{"name":"wp","href":"https:\/\/api.w.org\/{rel}","templated":true}]}}