{"id":121,"date":"2014-08-16T22:25:52","date_gmt":"2014-08-16T20:25:52","guid":{"rendered":"http:\/\/jvelektronika.cz\/?page_id=121"},"modified":"2014-08-16T22:25:52","modified_gmt":"2014-08-16T20:25:52","slug":"nokia-500-specifikace","status":"publish","type":"page","link":"https:\/\/jvelektronika.cz\/?page_id=121","title":{"rendered":"Nokia 500 SPECIFIKACE"},"content":{"rendered":"<div>\n<h1>Nokia 500 SPECIFIKACE<\/h1>\n<\/div>\n<div>\n<div><ins>01.02.2012 12:09<\/ins><\/p>\n<h3>Nokia 500<\/h3>\n<p>&nbsp;<\/p>\n<p>Aktualizov\u00e1no!!! ( 2.11. )<\/p>\n<p>&nbsp;<\/p>\n<p>Opera\u010dn\u00ed syt\u00e9m &#8211; Anna \/ Mo\u017enost aktualizace na syst\u00e9m Nokia Belle<\/p>\n<p>Nov\u00fd software: <strong>111.021.0028 ji\u017e je dostupn\u00fd &#8211; Nokia Belle Refresh<\/strong><\/p>\n<p>&nbsp;<\/p>\n<p>Podporovan\u00e9 s\u00edt\u011b &#8211; WCDMA 850\/900\/1700\/1900\/2100 MHz<\/p>\n<p>GSME 850\/900\/1800\/1900 MHz<\/p>\n<p>Datov\u00e9 p\u0159enosy :\u00a0\u00a0\u00a0 GPRS, EDGE, HSDPA, HSUPA<\/p>\n<p>&nbsp;<\/p>\n<p>Displej &#8211; Rozli\u0161en\u00ed : 640 x 360 bod\u016f 16:9<\/p>\n<p>Typ : Kapacitn\u00ed TFT multidotykov\u00fd AMOLED<\/p>\n<p>&nbsp;<\/p>\n<p>Senzory &#8211; P\u0159ibl\u00ed\u017een\u00ed, osv\u011btlen\u00ed a pohybov\u00fd<\/p>\n<p>&nbsp;<\/p>\n<p>&nbsp;<\/p>\n<p>CPU a RAM &#8211; CPU 1GHz<\/p>\n<p>Ram\u00a0 256Mb<\/p>\n<p>&nbsp;<\/p>\n<p>Pam\u011b\u0165 &#8211; Pam\u011b\u0165 telefonu :\u00a0 512Mb<\/p>\n<p>Pam\u011b\u0165 telefonu 2 : 2Gb<\/p>\n<p>Podpora karet Micro SDHC<\/p>\n<p>&nbsp;<\/p>\n<p>Navigace &#8211; aGPS navigace s digit\u00e1ln\u00edm kompasem<\/p>\n<p>Naviga\u010dn\u00ed program Nokia Mapy zdarma<\/p>\n<p>&nbsp;<\/p>\n<p>Rozhran\u00ed a p\u0159ipojen\u00ed &#8211; micro USB 2.0<\/p>\n<p>3 , 5 Jack<\/p>\n<p>2 mm nab\u00edjec\u00ed NOKIA KONEKTOR<\/p>\n<p>Wi-Fi 802.11 b\/g<\/p>\n<p>Bluetooth 2.1 + EDR<\/p>\n<p>&nbsp;<\/p>\n<p>Fotoapar\u00e1t &#8211; 5 megapixel 4x digit\u00e1ln\u00ed zoom bez autofocusu. Mo\u017enost makro, typ osv\u011btlen\u00ed v nastaven\u00ed<\/p>\n<p>Video 640&#215;480 pixel\u016f s 15 sn\u00edmky za sekundu<\/p>\n<p>&nbsp;<\/p>\n<p>Dal\u0161\u00ed info &#8211; Mo\u017enost p\u0159ehr\u00e1v\u00e1n\u00ed vide d\u00edky vestav\u011bn\u00e9mu kodeku DivX<\/p>\n<p>FM r\u00e1dio s RDS<\/p>\n<p>Multimedi\u00e1ln\u00ed p\u0159ehr\u00e1va\u010d hudby a Shazam<\/p>\n<p>Internetov\u00fd prohl\u00ed\u017ee\u010d s podporou Flash Lite<\/p>\n<p>E-MAIL klient s p\u0159\u00edlohami<\/p>\n<p>Widgety na t\u0159ech obrazovk\u00e1ch<\/p>\n<p>&nbsp;<\/p>\n<p>Baterie a nap\u00e1jen\u00ed &#8211; Akumul\u00e1tor BL-4U s kapacitou 1110 mAh<br \/>\nPohotovostn\u00ed re\u017eim: a\u017e 500 hodin<br \/>\nDoba hovoru: a\u017e 7 hodin<br \/>\nDoba poslechu hudby : a\u017e 35 hodin<\/p>\n<p>&nbsp;<\/p>\n<p>Velikost \/ rozm\u011bry &#8211; 111,3 x 53,8 x 14,1 mm<\/p>\n<p>&nbsp;<\/p>\n<p>Balen\u00ed obsahuje tak\u00e9 dva barevn\u00e9 zadn\u00ed kryty<\/p>\n<\/div>\n<\/div>\n<p>&nbsp;<\/p>\n","protected":false},"excerpt":{"rendered":"<p>Nokia 500 SPECIFIKACE 01.02.2012 12:09 Nokia 500 &nbsp; Aktualizov\u00e1no!!! ( 2.11. ) &nbsp; Opera\u010dn\u00ed syt\u00e9m &#8211; Anna \/ Mo\u017enost aktualizace na syst\u00e9m Nokia Belle Nov\u00fd software: 111.021.0028 ji\u017e je dostupn\u00fd &#8211; Nokia Belle Refresh &nbsp; Podporovan\u00e9 s\u00edt\u011b &#8211; WCDMA 850\/900\/1700\/1900\/2100 MHz GSME 850\/900\/1800\/1900 MHz Datov\u00e9 p\u0159enosy :\u00a0\u00a0\u00a0 GPRS, EDGE, HSDPA, [&hellip;]<\/p>\n","protected":false},"author":1,"featured_media":0,"parent":55,"menu_order":0,"comment_status":"closed","ping_status":"open","template":"","meta":{"footnotes":""},"_links":{"self":[{"href":"https:\/\/jvelektronika.cz\/index.php?rest_route=\/wp\/v2\/pages\/121"}],"collection":[{"href":"https:\/\/jvelektronika.cz\/index.php?rest_route=\/wp\/v2\/pages"}],"about":[{"href":"https:\/\/jvelektronika.cz\/index.php?rest_route=\/wp\/v2\/types\/page"}],"author":[{"embeddable":true,"href":"https:\/\/jvelektronika.cz\/index.php?rest_route=\/wp\/v2\/users\/1"}],"replies":[{"embeddable":true,"href":"https:\/\/jvelektronika.cz\/index.php?rest_route=%2Fwp%2Fv2%2Fcomments&post=121"}],"version-history":[{"count":1,"href":"https:\/\/jvelektronika.cz\/index.php?rest_route=\/wp\/v2\/pages\/121\/revisions"}],"predecessor-version":[{"id":122,"href":"https:\/\/jvelektronika.cz\/index.php?rest_route=\/wp\/v2\/pages\/121\/revisions\/122"}],"up":[{"embeddable":true,"href":"https:\/\/jvelektronika.cz\/index.php?rest_route=\/wp\/v2\/pages\/55"}],"wp:attachment":[{"href":"https:\/\/jvelektronika.cz\/index.php?rest_route=%2Fwp%2Fv2%2Fmedia&parent=121"}],"curies":[{"name":"wp","href":"https:\/\/api.w.org\/{rel}","templated":true}]}}