{"id":113,"date":"2014-08-16T22:13:59","date_gmt":"2014-08-16T20:13:59","guid":{"rendered":"http:\/\/jvelektronika.cz\/?page_id=113"},"modified":"2015-03-14T09:07:45","modified_gmt":"2015-03-14T08:07:45","slug":"nastaveni-grafiky-ve-hre-dirt-3","status":"publish","type":"page","link":"https:\/\/jvelektronika.cz\/?page_id=113","title":{"rendered":"Nastaven\u00ed grafiky ve h\u0159e DIRT 3"},"content":{"rendered":"<div>\n<h1>Nastaven\u00ed grafiky ve h\u0159e DIRT 3<\/h1>\n<\/div>\n<div>\n<div><ins>31.03.2012 09:50<\/ins><\/p>\n<h1>Acer Aspire 7560G-6344G64<\/h1>\n<h3><\/h3>\n<h3>Nastaven\u00ed grafick\u00fdch detajlu ve h\u0159e DIRT 3<\/h3>\n<p>&nbsp;<\/p>\n<p><strong>Toto nastaven\u00ed je pou\u017eito p\u0159i deaktivovan\u00e9 du\u00e1ln\u00ed grafice.<\/strong><\/p>\n<p>&nbsp;<\/p>\n<p><strong>Detaily by \u0161li jist\u011b je\u0161t\u011b zv\u00fd\u0161it, hra se v tomto nastaven\u00ed nesek\u00e1.<\/strong><\/p>\n<div>\n<div>V\u00edce zde:<\/div>\n<\/div>\n<p>&nbsp;<\/p>\n<p>&nbsp;<\/p>\n<p>&nbsp;<\/p>\n<p><a href=\"http:\/\/jvelektronika.cz\/wp-content\/uploads\/2015\/02\/ok3.jpg\"><img decoding=\"async\" loading=\"lazy\" class=\"aligncenter size-full wp-image-777\" src=\"http:\/\/jvelektronika.cz\/wp-content\/uploads\/2015\/02\/ok3.jpg\" alt=\"ok3\" width=\"800\" height=\"450\" srcset=\"https:\/\/jvelektronika.cz\/wp-content\/uploads\/2015\/02\/ok3.jpg 800w, https:\/\/jvelektronika.cz\/wp-content\/uploads\/2015\/02\/ok3-300x168.jpg 300w\" sizes=\"(max-width: 800px) 100vw, 800px\" \/><\/a><a href=\"http:\/\/jvelektronika.cz\/wp-content\/uploads\/2015\/02\/ok2.jpg\"><img decoding=\"async\" loading=\"lazy\" class=\"aligncenter size-full wp-image-775\" src=\"http:\/\/jvelektronika.cz\/wp-content\/uploads\/2015\/02\/ok2.jpg\" alt=\"ok2\" width=\"800\" height=\"450\" srcset=\"https:\/\/jvelektronika.cz\/wp-content\/uploads\/2015\/02\/ok2.jpg 800w, https:\/\/jvelektronika.cz\/wp-content\/uploads\/2015\/02\/ok2-300x168.jpg 300w\" sizes=\"(max-width: 800px) 100vw, 800px\" \/><\/a><a href=\"http:\/\/jvelektronika.cz\/wp-content\/uploads\/2015\/02\/ok1.jpg\"><img decoding=\"async\" loading=\"lazy\" class=\"aligncenter size-full wp-image-774\" src=\"http:\/\/jvelektronika.cz\/wp-content\/uploads\/2015\/02\/ok1.jpg\" alt=\"ok1\" width=\"800\" height=\"450\" srcset=\"https:\/\/jvelektronika.cz\/wp-content\/uploads\/2015\/02\/ok1.jpg 800w, https:\/\/jvelektronika.cz\/wp-content\/uploads\/2015\/02\/ok1-300x168.jpg 300w\" sizes=\"(max-width: 800px) 100vw, 800px\" \/><\/a><\/p>\n<\/div>\n<\/div>\n<p>&nbsp;<\/p>\n","protected":false},"excerpt":{"rendered":"<p>Nastaven\u00ed grafiky ve h\u0159e DIRT 3 31.03.2012 09:50 Acer Aspire 7560G-6344G64 Nastaven\u00ed grafick\u00fdch detajlu ve h\u0159e DIRT 3 &nbsp; Toto nastaven\u00ed je pou\u017eito p\u0159i deaktivovan\u00e9 du\u00e1ln\u00ed grafice. &nbsp; Detaily by \u0161li jist\u011b je\u0161t\u011b zv\u00fd\u0161it, hra se v tomto nastaven\u00ed nesek\u00e1. V\u00edce zde: &nbsp; &nbsp; &nbsp; &nbsp;<\/p>\n","protected":false},"author":1,"featured_media":0,"parent":57,"menu_order":0,"comment_status":"closed","ping_status":"open","template":"","meta":{"footnotes":""},"_links":{"self":[{"href":"https:\/\/jvelektronika.cz\/index.php?rest_route=\/wp\/v2\/pages\/113"}],"collection":[{"href":"https:\/\/jvelektronika.cz\/index.php?rest_route=\/wp\/v2\/pages"}],"about":[{"href":"https:\/\/jvelektronika.cz\/index.php?rest_route=\/wp\/v2\/types\/page"}],"author":[{"embeddable":true,"href":"https:\/\/jvelektronika.cz\/index.php?rest_route=\/wp\/v2\/users\/1"}],"replies":[{"embeddable":true,"href":"https:\/\/jvelektronika.cz\/index.php?rest_route=%2Fwp%2Fv2%2Fcomments&post=113"}],"version-history":[{"count":3,"href":"https:\/\/jvelektronika.cz\/index.php?rest_route=\/wp\/v2\/pages\/113\/revisions"}],"predecessor-version":[{"id":930,"href":"https:\/\/jvelektronika.cz\/index.php?rest_route=\/wp\/v2\/pages\/113\/revisions\/930"}],"up":[{"embeddable":true,"href":"https:\/\/jvelektronika.cz\/index.php?rest_route=\/wp\/v2\/pages\/57"}],"wp:attachment":[{"href":"https:\/\/jvelektronika.cz\/index.php?rest_route=%2Fwp%2Fv2%2Fmedia&parent=113"}],"curies":[{"name":"wp","href":"https:\/\/api.w.org\/{rel}","templated":true}]}}