{"id":112,"date":"2014-08-16T22:15:53","date_gmt":"2014-08-16T20:15:53","guid":{"rendered":"http:\/\/jvelektronika.cz\/?page_id=112"},"modified":"2014-08-16T22:15:53","modified_gmt":"2014-08-16T20:15:53","slug":"hp-pavilion-15-n264sc-videopohled","status":"publish","type":"page","link":"https:\/\/jvelektronika.cz\/?page_id=112","title":{"rendered":"HP Pavilion 15-n264sc &#8211; VIDEOPOHLED"},"content":{"rendered":"<div>\n<h1>HP Pavilion 15-n264sc &#8211; VIDEOPOHLED<\/h1>\n<\/div>\n<div>\n<div><ins>29.06.2014 09:30<\/ins><\/p>\n<h3>HP Pavilion 15-n264sc perlov\u00e1 b\u00edl\u00e1<\/h3>\n<h3>Kr\u00e1tk\u00fd videopohled na tento stylov\u00fd notebook<\/h3>\n<p>&nbsp;<\/p>\n<p>V recenzi je uk\u00e1zka:<\/p>\n<p>&#8211; Opera\u010dn\u00edho syst\u00e9mu Windows 8.1<\/p>\n<p>&#8211; Nastaven\u00ed p\u0159ep\u00ednateln\u00e9 grafiky Intel a AMD<\/p>\n<p>&#8211; Test zvuku<\/p>\n<p>&#8211; Klady a z\u00e1pory<\/p>\n<p>&#8211; Konektory a indikace<\/p>\n<p>&#8211; A dal\u0161\u00ed informace<\/p>\n<p>&nbsp;<\/p>\n<div class=\"epyt-video-wrapper\"><iframe loading=\"lazy\"  style=\"display: block; margin: 0px auto;\"  id=\"_ytid_89908\"  width=\"640\" height=\"360\"  data-origwidth=\"640\" data-origheight=\"360\" src=\"https:\/\/www.youtube.com\/embed\/17_hoQMXDdE?enablejsapi=1&#038;autoplay=0&#038;cc_load_policy=0&#038;cc_lang_pref=&#038;iv_load_policy=1&#038;loop=0&#038;modestbranding=0&#038;rel=1&#038;fs=1&#038;playsinline=1&#038;autohide=2&#038;theme=dark&#038;color=red&#038;controls=1&#038;\" class=\"__youtube_prefs__  epyt-is-override  no-lazyload\" title=\"YouTube player\"  allow=\"accelerometer; autoplay; clipboard-write; encrypted-media; gyroscope; picture-in-picture\" allowfullscreen data-no-lazy=\"1\" data-skipgform_ajax_framebjll=\"\"><\/iframe><\/div>\n<\/div>\n<\/div>\n<p>&nbsp;<\/p>\n","protected":false},"excerpt":{"rendered":"<p>HP Pavilion 15-n264sc &#8211; VIDEOPOHLED 29.06.2014 09:30 HP Pavilion 15-n264sc perlov\u00e1 b\u00edl\u00e1 Kr\u00e1tk\u00fd videopohled na tento stylov\u00fd notebook &nbsp; V recenzi je uk\u00e1zka: &#8211; Opera\u010dn\u00edho syst\u00e9mu Windows 8.1 &#8211; Nastaven\u00ed p\u0159ep\u00ednateln\u00e9 grafiky Intel a AMD &#8211; Test zvuku &#8211; Klady a z\u00e1pory &#8211; Konektory a indikace &#8211; A dal\u0161\u00ed informace [&hellip;]<\/p>\n","protected":false},"author":1,"featured_media":0,"parent":61,"menu_order":0,"comment_status":"closed","ping_status":"open","template":"","meta":{"footnotes":""},"_links":{"self":[{"href":"https:\/\/jvelektronika.cz\/index.php?rest_route=\/wp\/v2\/pages\/112"}],"collection":[{"href":"https:\/\/jvelektronika.cz\/index.php?rest_route=\/wp\/v2\/pages"}],"about":[{"href":"https:\/\/jvelektronika.cz\/index.php?rest_route=\/wp\/v2\/types\/page"}],"author":[{"embeddable":true,"href":"https:\/\/jvelektronika.cz\/index.php?rest_route=\/wp\/v2\/users\/1"}],"replies":[{"embeddable":true,"href":"https:\/\/jvelektronika.cz\/index.php?rest_route=%2Fwp%2Fv2%2Fcomments&post=112"}],"version-history":[{"count":1,"href":"https:\/\/jvelektronika.cz\/index.php?rest_route=\/wp\/v2\/pages\/112\/revisions"}],"predecessor-version":[{"id":116,"href":"https:\/\/jvelektronika.cz\/index.php?rest_route=\/wp\/v2\/pages\/112\/revisions\/116"}],"up":[{"embeddable":true,"href":"https:\/\/jvelektronika.cz\/index.php?rest_route=\/wp\/v2\/pages\/61"}],"wp:attachment":[{"href":"https:\/\/jvelektronika.cz\/index.php?rest_route=%2Fwp%2Fv2%2Fmedia&parent=112"}],"curies":[{"name":"wp","href":"https:\/\/api.w.org\/{rel}","templated":true}]}}