{"id":110,"date":"2014-08-16T22:13:00","date_gmt":"2014-08-16T20:13:00","guid":{"rendered":"http:\/\/jvelektronika.cz\/?page_id=110"},"modified":"2015-03-14T09:00:45","modified_gmt":"2015-03-14T08:00:45","slug":"recenze-2","status":"publish","type":"page","link":"https:\/\/jvelektronika.cz\/?page_id=110","title":{"rendered":"RECENZE 2"},"content":{"rendered":"<div>\n<h1>Recenze 2<\/h1>\n<\/div>\n<div>\n<div><ins>10.03.2012 13:11<\/ins><\/p>\n<h1>Recenze 2<\/h1>\n<p>&nbsp;<\/p>\n<p>V prvn\u00ed recenzi jsem si p\u0159edstavili z\u00e1kl\u00e1dn\u00ed informace tohoto notebooku, jako je zvuk reproduktoru a vzhled apod.<\/p>\n<p>Info: Fotografie si m\u016f\u017eete prohl\u00e9dnout ve fotogalerii.<\/p>\n<p>&nbsp;<\/p>\n<h3>V\u00fdkon pevn\u00e9ho disku<\/h3>\n<p>&nbsp;<\/p>\n<p>Disk je d\u00edky sv\u00e9 kapacit\u011b jist\u011b l\u00e1kav\u00fd, ale co se v\u00fdkonu t\u00fd\u010de, tak p\u0159\u00edli\u0161 neohrom\u00ed. M\u00e1 malou vyrovn\u00e1vac\u00ed pam\u011b\u0165 ( 8Mb Cache ) a rychlost ot\u00e1\u010dek 5400 PRM co\u017e je u notebook\u016f obvikl\u00e9, ale dnes se ji\u017e \u010dasto pou\u017e\u00edv\u00e1 s 7200 PRM.<\/p>\n<p>P\u0159i kop\u00edrov\u00e1n\u00ed na disku a p\u0159esouv\u00e1n\u00ed je zna\u010dn\u00e9 zpomalen\u00ed, disk nezvl\u00e1d\u00e1 dal\u0161\u00ed operace. P\u0159esn\u011bji \u0159e\u010deno p\u0159i t\u0159ech kop\u00edrovac\u00edch operac\u00ed se ji\u017e lehce sek\u00e1 nap\u0159. p\u0159etahov\u00e1n\u00ed okna apod. Disk je velmi tich\u00fd a nen\u00ed t\u00e9m\u011b\u0159 v\u016fbec sly\u0161et.<\/p>\n<p>Na p\u0159ehr\u00e1v\u00e1n\u00ed film\u016f je dosta\u010duj\u00edc\u00ed av\u0161ak na n\u00e1ro\u010dn\u011bji\u0161\u00ed operace p\u0159\u00edli\u0161 vhodn\u00fd nen\u00ed.<\/p>\n<p>&nbsp;<\/p>\n<h3>V\u00fdkon APU<\/h3>\n<p>&nbsp;<\/p>\n<p>Toto Liano ( A6400 ) je opravdu velmi v\u00fdkonn\u00e9, \u010dty\u0159i j\u00e1dr\u00e1 s frekvenc\u00ed 1,4 GHz s funkc\u00ed TurboCore 2,3 GHz.<\/p>\n<p>Je pravda, \u017ee je lep\u0161\u00ed m\u00edt na jedno j\u00e1dro vy\u0161\u0161\u00ed z\u00e1kladn\u00ed frekvenci a p\u0159i aplikac\u00edch, kter\u00e9 vyu\u017e\u00edvaj\u00ed surov\u00fd v\u00fdkon CPU se to opravdu vyplat\u00ed. I p\u0159esto v\u0161ak tento notebook mohu doporu\u010dit nejen d\u00edky v\u00fdkon\u00e9mu procesoru, ale tak\u00e9 d\u00edky opravdu v\u00fdkon\u00e9 grafice integrovan\u00e9 v APU s vlastn\u00ed pam\u011bt\u00ed o velikosti 512Mb.<\/p>\n<p>Tato grafika ve v\u0161ech sm\u011brech poraz\u00ed integrovan\u00e9 grafiky u nov\u00fdch CPU od Intelu jako je i5, i7 a i3, ale tak\u00e9 pentium apod.<\/p>\n<p>Na integrovanou grafiku od AMD lze provozovat i hru jako je DIRT 3 a to na vysok\u00e9 detajly.<\/p>\n<p>&nbsp;<\/p>\n<h3>D\u00e1le<\/h3>\n<p>1.<\/p>\n<p>&nbsp;<\/p>\n<p>Co je \u0161koda je po\u010det USB port\u016f, jsou pouze 3, u p\u0159edchoz\u00edho notebooku jsem m\u011bl sice 4, ale co se v\u00fdkonu t\u00fd\u010de, tak byl slab\u00fd, jednalo se o model<\/p>\n<p>HP 6735s FU601ES, kter\u00fd jsem vylep\u0161il o 4GB ram a 500GB HDD, v tomto modelu byl Turion RM-74 X2 na frekvenci 2,20GHz co\u017e je dost zaj\u00edmav\u00e9, jeliko\u017e dle specifikac\u00ed byl uveden na ka\u017ed\u00e9m webu Turion RM-70 s 2GHz.<\/p>\n<p>&nbsp;<\/p>\n<p>2.<\/p>\n<p>&nbsp;<\/p>\n<p>M\u00e1me zde sice jen 3 USB porty, ale m\u00e1me tu jeden port alespo\u0148 s rozhran\u00edm USB 3.0 a dva porty s rozhran\u00edm USB 2.0.<\/p>\n<p>&nbsp;<\/p>\n<p>3.<\/p>\n<p>&nbsp;<\/p>\n<p>D\u00e1le bych podotknul, \u017ee po zapnut\u00ed je zapl\u00e9 pouze WiFi a BlueTooth je po zapnut\u00ed vipnut\u00fd, ten kdo pou\u017e\u00edv\u00e1 my\u0161, nebo jin\u00e9 za\u0159\u00edzen\u00ed, tak mu po spu\u0161t\u011bn\u00ed notebooku nebude fungovat okam\u017eit\u011b. Toto bych pova\u017eoval za velk\u00e9 m\u00ednus k tomuto modelu.<\/p>\n<p>&nbsp;<\/p>\n<p>4.<\/p>\n<p>&nbsp;<\/p>\n<p>Oproti notebook\u016fm zna\u010dky jin\u00fdch v\u00fdrobc\u016f jako je HP, tak Acer do notebook\u016f t\u00e9to cenov\u00e9 kategorie nedal mechaniku s mo\u017enost\u00ed popisov\u00e1n\u00ed m\u00e9dia co\u017e je \u0161koda, ale na druhou stranu si nemysl\u00edm, \u017ee p\u0159\u00edli\u0161 mnoho lid\u00ed vyu\u017e\u00edv\u00e1 tuto mo\u017enost u notebook\u016f.<\/p>\n<p>&nbsp;<\/p>\n<p><a href=\"http:\/\/jvelektronika.cz\/wp-content\/uploads\/2015\/02\/kl\u00e1ves.jpg\"><img decoding=\"async\" loading=\"lazy\" class=\"aligncenter  wp-image-746\" src=\"http:\/\/jvelektronika.cz\/wp-content\/uploads\/2015\/02\/kl\u00e1ves.jpg\" alt=\"kl\u00e1ves\" width=\"677\" height=\"508\" srcset=\"https:\/\/jvelektronika.cz\/wp-content\/uploads\/2015\/02\/kl\u00e1ves.jpg 800w, https:\/\/jvelektronika.cz\/wp-content\/uploads\/2015\/02\/kl\u00e1ves-300x225.jpg 300w\" sizes=\"(max-width: 677px) 100vw, 677px\" \/><\/a><\/p>\n<h3>Kl\u00e1vesnice<\/h3>\n<p>&nbsp;<\/p>\n<p>Hned na za\u010d\u00e1tku mus\u00edm poznamenat velk\u00fd nedostatek &#8211; Nen\u00ed zde indikace zapnut\u00ed Num Locku ani Caps Locku.<\/p>\n<p>Num Lock je v\u017edy zapnut\u00fd po startu PC. Kl\u00e1vesnice je dost m\u011bkk\u00e1 a u prost\u0159ed se i m\u00edrn\u011b proh\u00fdb\u00e1.<\/p>\n<p>P\u00ed\u0161e se na ni opravdu dob\u0159e, nijak p\u0159i ma\u010dk\u00e1n\u00ed tla\u010d\u00edtek nevid\u00e1v\u00e1 \u017e\u00e1dn\u00e9 nep\u0159\u00edjemn\u00e9 zvuky apod.<\/p>\n<p>Kl\u00e1vesnice na prvn\u00ed dojem p\u016fsob\u00ed dost k\u0159ehce, to mysl\u00edm tak, \u017ee by se sn\u00ed m\u011blo zach\u00e1zet s citem, ale nehroz\u00ed, \u017ee by se tla\u010d\u00edtka m\u011bla uvolnit nap\u0159. p\u0159i \u010di\u0161t\u011bn\u00ed poku\u010f to n\u011bkdo p\u0159ejede vysava\u010dem, ale i tak bych sn\u00ed rad\u011bji zach\u00e1zel opatrn\u011b.<\/p>\n<div>\n<div>V\u00edce zde:<\/div>\n<\/div>\n<p>Pozn\u00e1mka &#8211; V sekci Hardware se ji\u017e brzy m\u016f\u017eete pod\u00edvat na v\u00fdkon tohoto APU. Aktualizace 11.4. 20121 Ji\u017e brzy!!!<\/p>\n<\/div>\n<\/div>\n","protected":false},"excerpt":{"rendered":"<p>Recenze 2 10.03.2012 13:11 Recenze 2 &nbsp; V prvn\u00ed recenzi jsem si p\u0159edstavili z\u00e1kl\u00e1dn\u00ed informace tohoto notebooku, jako je zvuk reproduktoru a vzhled apod. Info: Fotografie si m\u016f\u017eete prohl\u00e9dnout ve fotogalerii. &nbsp; V\u00fdkon pevn\u00e9ho disku &nbsp; Disk je d\u00edky sv\u00e9 kapacit\u011b jist\u011b l\u00e1kav\u00fd, ale co se v\u00fdkonu t\u00fd\u010de, tak p\u0159\u00edli\u0161 [&hellip;]<\/p>\n","protected":false},"author":1,"featured_media":0,"parent":57,"menu_order":0,"comment_status":"closed","ping_status":"open","template":"","meta":{"footnotes":""},"_links":{"self":[{"href":"https:\/\/jvelektronika.cz\/index.php?rest_route=\/wp\/v2\/pages\/110"}],"collection":[{"href":"https:\/\/jvelektronika.cz\/index.php?rest_route=\/wp\/v2\/pages"}],"about":[{"href":"https:\/\/jvelektronika.cz\/index.php?rest_route=\/wp\/v2\/types\/page"}],"author":[{"embeddable":true,"href":"https:\/\/jvelektronika.cz\/index.php?rest_route=\/wp\/v2\/users\/1"}],"replies":[{"embeddable":true,"href":"https:\/\/jvelektronika.cz\/index.php?rest_route=%2Fwp%2Fv2%2Fcomments&post=110"}],"version-history":[{"count":3,"href":"https:\/\/jvelektronika.cz\/index.php?rest_route=\/wp\/v2\/pages\/110\/revisions"}],"predecessor-version":[{"id":926,"href":"https:\/\/jvelektronika.cz\/index.php?rest_route=\/wp\/v2\/pages\/110\/revisions\/926"}],"up":[{"embeddable":true,"href":"https:\/\/jvelektronika.cz\/index.php?rest_route=\/wp\/v2\/pages\/57"}],"wp:attachment":[{"href":"https:\/\/jvelektronika.cz\/index.php?rest_route=%2Fwp%2Fv2%2Fmedia&parent=110"}],"curies":[{"name":"wp","href":"https:\/\/api.w.org\/{rel}","templated":true}]}}