{"id":104,"date":"2014-08-16T22:10:09","date_gmt":"2014-08-16T20:10:09","guid":{"rendered":"http:\/\/jvelektronika.cz\/?page_id=104"},"modified":"2014-08-16T22:10:09","modified_gmt":"2014-08-16T20:10:09","slug":"acer-aspire-7560g-6344g64","status":"publish","type":"page","link":"https:\/\/jvelektronika.cz\/?page_id=104","title":{"rendered":"Acer Aspire 7560G-6344G64"},"content":{"rendered":"<div>\n<h1>Acer Aspire 7560G-6344G64<\/h1>\n<\/div>\n<div>\n<div><ins>24.01.2012 17:24<\/ins><\/p>\n<h2><em>Acer Aspire 7560G-6344G64<\/em><\/h2>\n<p>&nbsp;<\/p>\n<p>Podrobn\u00e9 specifikace.<\/p>\n<p><em>Aktualizov\u00e1no!!!! 11.4. 2012<\/em><\/p>\n<p>&nbsp;<\/p>\n<h3>Specifikace :<\/h3>\n<p>&nbsp;<\/p>\n<p>HDD &#8211; 640GB Toshiba<\/p>\n<p>MK6459GSXP &#8211; Jm\u00e9no pevn\u00e9ho disku<\/p>\n<p>5400 PRM &#8211; Rychlost ot\u00e1\u010den\u00ed<\/p>\n<p>12 ms &#8211; Pr\u016fm\u011brn\u00e1 p\u0159\u00edstupov\u00e1 doba<\/p>\n<p>2 ms &#8211; Pr\u016fm\u011brn\u00e1 p\u0159\u00edstupov\u00e1 doba od stopy ke stop\u011b<\/p>\n<p>SATA 2 &#8211; Rozhran\u00ed<\/p>\n<p>8 Mb &#8211; Vyrovn\u00e1vac\u00ed pam\u011b\u0165 ( CACHE )<\/p>\n<p>&nbsp;<\/p>\n<p>Grafika &#8211; AMD Radeo HD 6720G2 1Gb vlastn\u00ed pam\u011b\u0165 + integrovan\u00e1 grafika v procesoru s vlastn\u00ed pam\u011bt\u00ed 512Mb<\/p>\n<p>Grafika v APU &#8211; AMD Radeon HD 6520G : Velikost pam\u011bti &#8211; 512Mb\u00a0 DDR3<\/p>\n<p>Takt j\u00e1dra &#8211; 400 MHz<\/p>\n<p>Takt pam\u011bti 667 MHz<\/p>\n<p>Celkov\u00e1 \u0161\u00ed\u0159ka p\u00e1sma pam\u011bti &#8211; 21,3 Gb\/s<\/p>\n<p>&nbsp;<\/p>\n<p>P\u0159\u00eddavn\u00e1 grafika AMD Radeon HD 6720G2 : Velikost pam\u011bti &#8211; 1Gb DDR3<\/p>\n<p>Takt j\u00e1dra &#8211; 600 MHz<\/p>\n<p>Takt pam\u011bti &#8211; 900 MHz<\/p>\n<p>Celkov\u00e1 \u0161\u00ed\u0159ka p\u00e1sma pam\u011bti &#8211; 28,8Gb\/s<\/p>\n<p>CPU &#8211; AMD Liano Quad-Core A6-3400M\u00a0 1,4GHz<\/p>\n<p>4x 4Mb L2 Cache<\/p>\n<p>4 j\u00e1dra<\/p>\n<p>Turbo Core s frekvenc\u00ed a\u017e 2,3 GHz<\/p>\n<p>Max. spot\u0159eba 35W<\/p>\n<p>Min \/ Max CPU n\u00e1sobi\u010d &#8211; 4x \/ 40x<\/p>\n<p>1450 mili\u00f3n\u016f tranzistor\u016f<\/p>\n<p>&nbsp;<\/p>\n<p>Opera\u010dn\u00ed pam\u011b\u0165 RAM &#8211; 2x 2 Gb 1333MHz typu DDR3<\/p>\n<p>Zna\u010dka &#8211; Nanya<\/p>\n<p>&nbsp;<\/p>\n<p>Displej &#8211; 17,3 Palce TFT LCD s Led podsv\u00edcen\u00edm<\/p>\n<p>Technoligie Cine Crystal<\/p>\n<p>Rozli\u0161en\u00ed 1600 x 900 bod\u016f<\/p>\n<p>N\u00e1zev monitoru &#8211; Chi Mei N17306 &#8211; L02<\/p>\n<p>&nbsp;<\/p>\n<p>Optick\u00e1 mechanyka &#8211; DVD SUPER MULTI s podporou dvouvrstv\u00edch DVD disk\u016f<\/p>\n<p>Zna\u010dka &#8211; LG Electronics<\/p>\n<p>Velikost bufferu v disku &#8211; 1024 Kb<\/p>\n<p>Zvuky a video &#8211; Vestav\u011bn\u00e9 stereo reproduktory<\/p>\n<p>Web kamera 1,3 Megapixel s mikrofonem<\/p>\n<p>&nbsp;<\/p>\n<p>Rozhran\u00ed &#8211; USB 3.0<\/p>\n<p>USB 2.0<\/p>\n<p>1x HDMI<\/p>\n<p>1x VGA<\/p>\n<p>\u010cte\u010dka pam\u011b\u0165ov\u00fdch karet 5v1<\/p>\n<p>1x Audio JACK 3,5mm<\/p>\n<p>1x Mikrofon Jack 3,5mm<\/p>\n<p>(Combo Audio JACK)<\/p>\n<p>1x RJ 45<\/p>\n<p>&nbsp;<\/p>\n<p>Komunikace &#8211; BlueTooth verze 3<\/p>\n<p>WiFi 802.11b\/g\/draft-n<\/p>\n<p>10\/100 Mbit\/s\u00a0 Ethernet<\/p>\n<p>&nbsp;<\/p>\n<p>Z\u00e1kladn\u00ed deska &#8211; Model : JE70-SB<\/p>\n<p>V\u00fdrobce : Acer<\/p>\n<p>Max. velikost pam\u011b\u0165ov\u00e9ho modulu : 8192 MBytes<\/p>\n<p>&nbsp;<\/p>\n<p>Baterie \/ Akumul\u00e1tor &#8211; Li-Ion 6 \u010dl\u00e1nk\u016f<\/p>\n<p>V\u00fddr\u017e 4 h. ( M\u011b se sn\u00ed\u017een\u00fdm jasem vydr\u017e\u00ed p\u016fl dne )<\/p>\n<p>Kapacita &#8211; 47520 mWh<\/p>\n<p>Jm\u00e9no &#8211; AS10D31<\/p>\n<p>&nbsp;<\/p>\n<p>Hmotnost &#8211; CCA. 3,3 Kg s bateri\u00ed<\/p>\n<p>&nbsp;<\/p>\n<p>OS &#8211; P\u0159ednainstalovan\u00fd syst\u00e9m Windows 7 Home Premium X64<\/p>\n<p>&nbsp;<\/p>\n<p>Pozn\u00e1mka &#8211; V sekci Hardware se ji\u017e brzy m\u016f\u017eete pod\u00edvat na v\u00fdkon tohoto APU. Aktualizace 11.4. Ji\u017e brzy!!!<\/p>\n<\/div>\n<\/div>\n<p>&nbsp;<\/p>\n","protected":false},"excerpt":{"rendered":"<p>Acer Aspire 7560G-6344G64 24.01.2012 17:24 Acer Aspire 7560G-6344G64 &nbsp; Podrobn\u00e9 specifikace. Aktualizov\u00e1no!!!! 11.4. 2012 &nbsp; Specifikace : &nbsp; HDD &#8211; 640GB Toshiba MK6459GSXP &#8211; Jm\u00e9no pevn\u00e9ho disku 5400 PRM &#8211; Rychlost ot\u00e1\u010den\u00ed 12 ms &#8211; Pr\u016fm\u011brn\u00e1 p\u0159\u00edstupov\u00e1 doba 2 ms &#8211; Pr\u016fm\u011brn\u00e1 p\u0159\u00edstupov\u00e1 doba od stopy ke stop\u011b SATA 2 [&hellip;]<\/p>\n","protected":false},"author":1,"featured_media":0,"parent":57,"menu_order":0,"comment_status":"closed","ping_status":"open","template":"","meta":{"footnotes":""},"_links":{"self":[{"href":"https:\/\/jvelektronika.cz\/index.php?rest_route=\/wp\/v2\/pages\/104"}],"collection":[{"href":"https:\/\/jvelektronika.cz\/index.php?rest_route=\/wp\/v2\/pages"}],"about":[{"href":"https:\/\/jvelektronika.cz\/index.php?rest_route=\/wp\/v2\/types\/page"}],"author":[{"embeddable":true,"href":"https:\/\/jvelektronika.cz\/index.php?rest_route=\/wp\/v2\/users\/1"}],"replies":[{"embeddable":true,"href":"https:\/\/jvelektronika.cz\/index.php?rest_route=%2Fwp%2Fv2%2Fcomments&post=104"}],"version-history":[{"count":1,"href":"https:\/\/jvelektronika.cz\/index.php?rest_route=\/wp\/v2\/pages\/104\/revisions"}],"predecessor-version":[{"id":105,"href":"https:\/\/jvelektronika.cz\/index.php?rest_route=\/wp\/v2\/pages\/104\/revisions\/105"}],"up":[{"embeddable":true,"href":"https:\/\/jvelektronika.cz\/index.php?rest_route=\/wp\/v2\/pages\/57"}],"wp:attachment":[{"href":"https:\/\/jvelektronika.cz\/index.php?rest_route=%2Fwp%2Fv2%2Fmedia&parent=104"}],"curies":[{"name":"wp","href":"https:\/\/api.w.org\/{rel}","templated":true}]}}