{"id":1018,"date":"2015-06-12T06:09:27","date_gmt":"2015-06-12T04:09:27","guid":{"rendered":"http:\/\/jvelektronika.cz\/?page_id=1018"},"modified":"2015-07-17T21:33:16","modified_gmt":"2015-07-17T19:33:16","slug":"tranzistorovy-blikac-3x-led","status":"publish","type":"page","link":"https:\/\/jvelektronika.cz\/?page_id=1018","title":{"rendered":"Tranzistorov\u00fd blika\u010d 3x LED"},"content":{"rendered":"<h3><span style=\"color: #3366ff;\">Tranzistorov\u00fd blika\u010d 3x LED<\/span><\/h3>\n<p>&nbsp;<\/p>\n<p>Jednoduch\u00e9 zapojen\u00ed tranzistorov\u00e9ho blika\u010de se t\u0159emi led.<\/p>\n<p>Za\u0159\u00edzen\u00ed funguje na principu astabiln\u00edho klopn\u00e9ho obvodu.<\/p>\n<p>Nap\u00e1jen\u00ed je 9V<\/p>\n<p>LED diody volime superjasn\u00e9.<\/p>\n<p>&nbsp;<\/p>\n<p><a href=\"http:\/\/jvelektronika.cz\/wp-content\/uploads\/2015\/07\/blika\u010d-3x-led.jpg\"><img decoding=\"async\" loading=\"lazy\" class=\"aligncenter  wp-image-1048\" src=\"http:\/\/jvelektronika.cz\/wp-content\/uploads\/2015\/07\/blika\u010d-3x-led.jpg\" alt=\"blika\u010d 3x led\" width=\"765\" height=\"339\" srcset=\"https:\/\/jvelektronika.cz\/wp-content\/uploads\/2015\/07\/blika\u010d-3x-led.jpg 989w, https:\/\/jvelektronika.cz\/wp-content\/uploads\/2015\/07\/blika\u010d-3x-led-300x133.jpg 300w\" sizes=\"(max-width: 765px) 100vw, 765px\" \/><\/a><\/p>\n<p>&nbsp;<\/p>\n<p>Video:<\/p>\n<div class=\"epyt-video-wrapper\"><iframe loading=\"lazy\"  style=\"display: block; margin: 0px auto;\"  id=\"_ytid_58388\"  width=\"640\" height=\"360\"  data-origwidth=\"640\" data-origheight=\"360\" src=\"https:\/\/www.youtube.com\/embed\/ruESMSTLXzk?enablejsapi=1&#038;autoplay=0&#038;cc_load_policy=0&#038;cc_lang_pref=&#038;iv_load_policy=1&#038;loop=0&#038;modestbranding=0&#038;rel=1&#038;fs=1&#038;playsinline=1&#038;autohide=2&#038;theme=dark&#038;color=red&#038;controls=1&#038;\" class=\"__youtube_prefs__  epyt-is-override  no-lazyload\" title=\"YouTube player\"  allow=\"accelerometer; autoplay; clipboard-write; encrypted-media; gyroscope; picture-in-picture\" allowfullscreen data-no-lazy=\"1\" data-skipgform_ajax_framebjll=\"\"><\/iframe><\/div>\n","protected":false},"excerpt":{"rendered":"<p>Tranzistorov\u00fd blika\u010d 3x LED &nbsp; Jednoduch\u00e9 zapojen\u00ed tranzistorov\u00e9ho blika\u010de se t\u0159emi led. Za\u0159\u00edzen\u00ed funguje na principu astabiln\u00edho klopn\u00e9ho obvodu. Nap\u00e1jen\u00ed je 9V LED diody volime superjasn\u00e9. &nbsp; &nbsp; Video:<\/p>\n","protected":false},"author":1,"featured_media":0,"parent":0,"menu_order":0,"comment_status":"closed","ping_status":"open","template":"","meta":{"footnotes":""},"_links":{"self":[{"href":"https:\/\/jvelektronika.cz\/index.php?rest_route=\/wp\/v2\/pages\/1018"}],"collection":[{"href":"https:\/\/jvelektronika.cz\/index.php?rest_route=\/wp\/v2\/pages"}],"about":[{"href":"https:\/\/jvelektronika.cz\/index.php?rest_route=\/wp\/v2\/types\/page"}],"author":[{"embeddable":true,"href":"https:\/\/jvelektronika.cz\/index.php?rest_route=\/wp\/v2\/users\/1"}],"replies":[{"embeddable":true,"href":"https:\/\/jvelektronika.cz\/index.php?rest_route=%2Fwp%2Fv2%2Fcomments&post=1018"}],"version-history":[{"count":3,"href":"https:\/\/jvelektronika.cz\/index.php?rest_route=\/wp\/v2\/pages\/1018\/revisions"}],"predecessor-version":[{"id":1050,"href":"https:\/\/jvelektronika.cz\/index.php?rest_route=\/wp\/v2\/pages\/1018\/revisions\/1050"}],"wp:attachment":[{"href":"https:\/\/jvelektronika.cz\/index.php?rest_route=%2Fwp%2Fv2%2Fmedia&parent=1018"}],"curies":[{"name":"wp","href":"https:\/\/api.w.org\/{rel}","templated":true}]}}